{"id":880,"date":"2016-03-15T14:23:34","date_gmt":"2016-03-15T17:23:34","guid":{"rendered":"http:\/\/tdibrasil.org\/?page_id=880"},"modified":"2023-11-14T12:07:25","modified_gmt":"2023-11-14T15:07:25","slug":"colaboracoes","status":"publish","type":"page","link":"https:\/\/tdibrasil.org\/index.php\/colaboracoes\/","title":{"rendered":"Colabora\u00e7\u00f5es"},"content":{"rendered":"<p style=\"text-align: justify;\">Este Portal apresenta textos de autores independentes que participam das atividades do Design Inteligente em l\u00edngua portuguesa e algumas tradu\u00e7\u00f5es:<\/p>\n<ol style=\"text-align: justify;\">\n<li style=\"text-align: justify;\">Este portal n\u00e3o est\u00e1 associado e nem responde pela <strong>Sociedade Brasileira do Design Inteligente (SBDI)<\/strong>.<\/li>\n<li style=\"text-align: justify;\">Os artigos aqui publicados s\u00e3o de responsabilidade de seus autores e podem n\u00e3o corresponder a opini\u00e3o deste Portal <strong>(tdibrasil.org)<\/strong>, exceto as publica\u00e7\u00e3o assinadas pelo <strong>Editorial<\/strong>.<\/li>\n<\/ol>\n<p><strong>Equipe TDI Brasil Plus<\/strong><\/p>\n<hr \/>\n<p>Formas de colabora\u00e7\u00e3o<\/p>\n<ul><!--\n \t\n\n<li>Curso TN&DI (<a href=\"https:\/\/tdibrasil.org\/index.php\/t\/\" rel=\"noopener noreferrer\" target=\"_blank\">mais<\/a>)<\/li>\n\n\n--><\/p>\n<li>Tradu\u00e7\u00f5es do Evolutions News (<a href=\"https:\/\/evolutionnews.org\/\" target=\"_blank\" rel=\"noopener noreferrer\">acessar<\/a>)<\/li>\n<li>Tradu\u00e7\u00e3o FAQ (<a href=\"https:\/\/tdibrasil.org\/index.php\/faq\/\" target=\"_blank\" rel=\"noopener noreferrer\">link<\/a>)<\/li>\n<\/ul>\n<hr \/>\n<p><strong>Registros<\/strong><\/p>\n<p style=\"text-align: justify;\">O portal da TDI Brasil Plus \u00e9 mantido com colabora\u00e7\u00f5es dos pr\u00f3prios autores e amigos do movimento.<\/p>\n<div style=\"overflow-x: auto;\">\n<table class=\"tg\" style=\"font-size: 4;\" cellspacing=\"0\" cellpadding=\"0\">\n<tbody>\n<tr>\n<th class=\"tg-031e\" style=\"width: 100px;\" align=\"center\"><span style=\"color: #808080;\"><strong>Notas<\/strong><\/span><\/th>\n<th class=\"tg-yw4l\"><span style=\"color: #808080;\"><strong>Valor<\/strong><\/span><\/th>\n<th class=\"tg-yw4l\"><span style=\"color: #808080;\"><strong>Data<\/strong><\/span><\/th>\n<th class=\"tg-yw4l\"><span style=\"color: #808080;\"><strong>Dura\u00e7\u00e3o<\/strong><\/span><\/th>\n<th class=\"tg-yw4l\"><span style=\"color: #808080;\"><strong>Respons\u00e1vel<\/strong><\/span><\/th>\n<\/tr>\n<tr>\n<td class=\"tg-yw4l\"><strong><a href=\"#\" target=\"_blank\" rel=\"noopener noreferrer\">Dom\u00ednio<\/a><\/strong><\/td>\n<td class=\"tg-yw4l\"><span style=\"color: #808080;\">R$ 64,99<\/span><\/td>\n<td class=\"tg-yw4l\"><span style=\"color: #808080;\">05\/04\/2022<\/span><\/td>\n<td class=\"tg-yw4l\"><span style=\"color: #808080;\">1 ano<\/span><\/td>\n<td class=\"tg-yw4l\"><span style=\"color: #808080;\">Eskelsen<\/span><\/td>\n<\/tr>\n<p><!-- Fim 2021 --><!-- In\u00edcio 2020 --><\/p>\n<tr>\n<td class=\"tg-yw4l\"><strong><a href=\"#\" target=\"_blank\" rel=\"noopener noreferrer\">Hospedagem<\/a><\/strong><\/td>\n<td class=\"tg-yw4l\">R$ 359,64<\/td>\n<td class=\"tg-yw4l\">10\/05\/2021<\/td>\n<td class=\"tg-yw4l\">3 anos<\/td>\n<td class=\"tg-yw4l\">Saulo (28%), Ulysses (11%), Filippe (19%) e Marcos Ariel (42%)<\/td>\n<\/tr>\n<tr>\n<td class=\"tg-yw4l\"><strong><a href=\"#\" target=\"_blank\" rel=\"noopener noreferrer\">Dom\u00ednio<\/a><\/strong><\/td>\n<td class=\"tg-yw4l\"><span style=\"color: #808080;\">R$ 58,00<\/span><\/td>\n<td class=\"tg-yw4l\"><span style=\"color: #808080;\">04\/04\/2021<\/span><\/td>\n<td class=\"tg-yw4l\"><span style=\"color: #808080;\">1 ano<\/span><\/td>\n<td class=\"tg-yw4l\"><span style=\"color: #808080;\">Eskelsen<\/span><\/td>\n<\/tr>\n<p><!-- Fim 2020 --><!-- In\u00edcio 2020 --><\/p>\n<tr>\n<td class=\"tg-yw4l\"><strong><a href=\"#\" target=\"_blank\" rel=\"noopener noreferrer\">Dom\u00ednio<\/a><\/strong><\/td>\n<td class=\"tg-yw4l\">R$ 58,00<\/td>\n<td class=\"tg-yw4l\">04\/04\/2020<\/td>\n<td class=\"tg-yw4l\">1 ano<\/td>\n<td class=\"tg-yw4l\"><a href=\"#\" target=\"_blank\" rel=\"noopener noreferrer\">Loja Virtual<\/a><\/td>\n<\/tr>\n<tr>\n<td class=\"tg-yw4l\"><strong><a href=\"#\" target=\"_blank\" rel=\"noopener noreferrer\">Prote\u00e7\u00e3o SSL<\/a><\/strong><\/td>\n<td class=\"tg-yw4l\"><span style=\"color: #808080;\">R$ 44,89<\/span><\/td>\n<td class=\"tg-yw4l\"><span style=\"color: #808080;\">04\/02\/2020<\/span><\/td>\n<td class=\"tg-yw4l\"><span style=\"color: #808080;\">Permanente<\/span><\/td>\n<td class=\"tg-yw4l\"><span style=\"color: #808080;\"><a href=\"#\" target=\"_blank\" rel=\"noopener noreferrer\">Loja Virtual<\/a><\/span><\/td>\n<\/tr>\n<p><!-- Fim 2019 --><!-- In\u00edcio 2020 --><\/p>\n<tr>\n<td class=\"tg-yw4l\"><strong><a href=\"#\" target=\"_blank\" rel=\"noopener noreferrer\">Dom\u00ednio<\/a><\/strong><\/td>\n<td class=\"tg-yw4l\">R$ 34,15<\/td>\n<td class=\"tg-yw4l\">03\/04\/2019<\/td>\n<td class=\"tg-yw4l\">1 ano<\/td>\n<td class=\"tg-yw4l\">Eskelsen<\/td>\n<\/tr>\n<p><!-- Fim 2018 --><!-- In\u00edcio 2019 --><\/p>\n<tr>\n<td class=\"tg-yw4l\"><strong><a href=\"#\" target=\"_blank\" rel=\"noopener noreferrer\">Hospedagem<\/a><\/strong><\/td>\n<td class=\"tg-yw4l\"><span style=\"color: #808080;\">R$ 359,64<\/span><\/td>\n<td class=\"tg-yw4l\"><span style=\"color: #808080;\">13\/05\/2018<\/span><\/td>\n<td class=\"tg-yw4l\"><span style=\"color: #808080;\">3 anos<\/span><\/td>\n<td class=\"tg-yw4l\"><span style=\"color: #808080;\">Eskelsen<\/span><\/td>\n<\/tr>\n<p><!-- Fim 2017 --><!-- In\u00edcio 2018 --><\/p>\n<tr>\n<td class=\"tg-yw4l\"><strong><a href=\"#\" target=\"_blank\" rel=\"noopener noreferrer\">Dom\u00ednio<\/a><\/strong><\/td>\n<td class=\"tg-yw4l\">R$ 41,99<\/td>\n<td class=\"tg-yw4l\">07\/04\/2018<\/td>\n<td class=\"tg-yw4l\">1 ano<\/td>\n<td class=\"tg-yw4l\">Eskelsen<\/td>\n<\/tr>\n<tr>\n<td class=\"tg-yw4l\"><strong><a href=\"#\" target=\"_blank\" rel=\"noopener noreferrer\">Servidor (VPS)<\/a><\/strong><\/td>\n<td class=\"tg-yw4l\"><span style=\"color: #808080;\">R$ 228,00<\/span><\/td>\n<td class=\"tg-yw4l\"><span style=\"color: #808080;\">15\/05\/2017<\/span><\/td>\n<td class=\"tg-yw4l\"><span style=\"color: #808080;\">1 ano<\/span><\/td>\n<td class=\"tg-yw4l\" rowspan=\"2\"><span style=\"color: #808080;\">Marcos Ariel (20%), Everton Alves (20%), Saulo Reis (20%), Eskelsen (40%)<\/span><\/td>\n<\/tr>\n<tr>\n<td class=\"tg-yw4l\"><strong><a href=\"#\" target=\"_blank\" rel=\"noopener noreferrer\">Dom\u00ednio<\/a><\/strong><\/td>\n<td class=\"tg-yw4l\">R$\u00a046,99<\/td>\n<td class=\"tg-yw4l\">03\/04\/2017<\/td>\n<td class=\"tg-yw4l\">1 ano<\/td>\n<\/tr>\n<p><!-- Fim 2016 --><!-- In\u00edcio 2017 --><\/p>\n<tr>\n<td class=\"tg-yw4l\"><strong><a href=\"#\" target=\"_blank\" rel=\"noopener noreferrer\">Servidor (VPS)<\/a><\/strong><\/td>\n<td class=\"tg-yw4l\"><span style=\"color: #808080;\">R$ 159,61<\/span><\/td>\n<td class=\"tg-yw4l\"><span style=\"color: #808080;\">05\/05\/2016<\/span><\/td>\n<td class=\"tg-yw4l\"><span style=\"color: #808080;\">1 ano<\/span><\/td>\n<td class=\"tg-yw4l\"><span style=\"color: #808080;\">Marcos Ariel MD<\/span><\/td>\n<\/tr>\n<tr>\n<td class=\"tg-yw4l\"><strong><a href=\"#\" target=\"_blank\" rel=\"noopener noreferrer\">Dom\u00ednio<\/a><\/strong><\/td>\n<td class=\"tg-yw4l\">R$\u00a050,99<\/td>\n<td class=\"tg-yw4l\">22\/03\/2016<\/td>\n<td class=\"tg-yw4l\">1 ano<\/td>\n<td class=\"tg-yw4l\">Marcos Ariel MD<\/td>\n<\/tr>\n<p><!-- Fim 2015 --><!-- In\u00edcio 2016 --><\/p>\n<tr>\n<td class=\"tg-yw4l\"><strong><a href=\"#\" target=\"_blank\" rel=\"noopener noreferrer\">Servidor(VPS)<\/a><\/strong><\/td>\n<td class=\"tg-yw4l\"><span style=\"color: #808080;\">R$\u00a0102,60<\/span><\/td>\n<td class=\"tg-yw4l\"><span style=\"color: #808080;\">23\/05\/2015<\/span><\/td>\n<td class=\"tg-yw4l\"><span style=\"color: #808080;\">1 ano<\/span><\/td>\n<td class=\"tg-yw4l\"><span style=\"color: #808080;\">Eskelsen<\/span><\/td>\n<\/tr>\n<tr>\n<td class=\"tg-yw4l\"><strong><a href=\"#\" target=\"_blank\" rel=\"noopener noreferrer\">Dom\u00ednio<\/a><\/strong><\/td>\n<td class=\"tg-yw4l\">R$\u00a014,99<\/td>\n<td class=\"tg-yw4l\">07\/04\/2015<\/td>\n<td class=\"tg-yw4l\">1 ano<\/td>\n<td class=\"tg-yw4l\">Eskelsen<\/td>\n<\/tr>\n<p><!-- In\u00edcio 2015 --><!-- <b style=\"color: #FF4500;\">Pendente<\/b> --><\/tbody>\n<\/table>\n<\/div>\n","protected":false},"excerpt":{"rendered":"<div class=\"mh-excerpt\"><p>Este Portal apresenta textos de autores independentes que participam das atividades do Design Inteligente em l\u00edngua portuguesa e algumas tradu\u00e7\u00f5es: Este portal n\u00e3o est\u00e1 associado <a class=\"mh-excerpt-more\" href=\"https:\/\/tdibrasil.org\/index.php\/colaboracoes\/\" title=\"Colabora\u00e7\u00f5es\">[&#8230;]<\/a><\/p>\n<\/div>","protected":false},"author":1,"featured_media":4423,"parent":0,"menu_order":2,"comment_status":"closed","ping_status":"closed","template":"","meta":{"footnotes":""},"class_list":["post-880","page","type-page","status-publish","has-post-thumbnail","hentry"],"yoast_head":"<!-- This site is optimized with the Yoast SEO plugin v18.9 - https:\/\/yoast.com\/wordpress\/plugins\/seo\/ -->\n<title>Colabora\u00e7\u00f5es &raquo; Portal TDI Brasil +<\/title>\n<meta name=\"robots\" content=\"index, follow, max-snippet:-1, max-image-preview:large, max-video-preview:-1\" \/>\n<link rel=\"canonical\" href=\"https:\/\/tdibrasil.org\/index.php\/colaboracoes\/\" \/>\n<meta property=\"og:locale\" content=\"pt_BR\" \/>\n<meta property=\"og:type\" content=\"article\" \/>\n<meta property=\"og:title\" content=\"Colabora\u00e7\u00f5es &raquo; Portal TDI Brasil +\" \/>\n<meta property=\"og:description\" content=\"Este Portal apresenta textos de autores independentes que participam das atividades do Design Inteligente em l\u00edngua portuguesa e algumas tradu\u00e7\u00f5es: Este portal n\u00e3o est\u00e1 associado [...]\" \/>\n<meta property=\"og:url\" content=\"https:\/\/tdibrasil.org\/index.php\/colaboracoes\/\" \/>\n<meta property=\"og:site_name\" content=\"Portal TDI Brasil +\" \/>\n<meta property=\"article:publisher\" content=\"https:\/\/www.facebook.com\/TeoriadoDesignInteligente\/\" \/>\n<meta property=\"article:modified_time\" content=\"2023-11-14T15:07:25+00:00\" \/>\n<meta property=\"og:image\" content=\"https:\/\/tdibrasil.org\/wp-content\/uploads\/2018\/08\/7179261994_9fb149ddf4_b-1-1.jpg\" \/>\n\t<meta property=\"og:image:width\" content=\"634\" \/>\n\t<meta property=\"og:image:height\" content=\"634\" \/>\n\t<meta property=\"og:image:type\" content=\"image\/jpeg\" \/>\n<meta name=\"twitter:card\" content=\"summary_large_image\" \/>\n<meta name=\"twitter:label1\" content=\"Est. tempo de leitura\" \/>\n\t<meta name=\"twitter:data1\" content=\"1 minuto\" \/>\n<script type=\"application\/ld+json\" class=\"yoast-schema-graph\">{\"@context\":\"https:\/\/schema.org\",\"@graph\":[{\"@type\":\"Organization\",\"@id\":\"https:\/\/tdibrasil.org\/#organization\",\"name\":\"TDI Brasil +\",\"url\":\"https:\/\/tdibrasil.org\/\",\"sameAs\":[\"https:\/\/www.facebook.com\/TeoriadoDesignInteligente\/\"],\"logo\":{\"@type\":\"ImageObject\",\"inLanguage\":\"pt-BR\",\"@id\":\"https:\/\/tdibrasil.org\/#\/schema\/logo\/image\/\",\"url\":\"https:\/\/tdibrasil.org\/wp-content\/uploads\/2020\/05\/whats.jpg\",\"contentUrl\":\"https:\/\/tdibrasil.org\/wp-content\/uploads\/2020\/05\/whats.jpg\",\"width\":512,\"height\":512,\"caption\":\"TDI Brasil +\"},\"image\":{\"@id\":\"https:\/\/tdibrasil.org\/#\/schema\/logo\/image\/\"}},{\"@type\":\"WebSite\",\"@id\":\"https:\/\/tdibrasil.org\/#website\",\"url\":\"https:\/\/tdibrasil.org\/\",\"name\":\"Portal TDI Brasil +\",\"description\":\"Teoria do Design Inteligente\",\"publisher\":{\"@id\":\"https:\/\/tdibrasil.org\/#organization\"},\"potentialAction\":[{\"@type\":\"SearchAction\",\"target\":{\"@type\":\"EntryPoint\",\"urlTemplate\":\"https:\/\/tdibrasil.org\/?s={search_term_string}\"},\"query-input\":\"required name=search_term_string\"}],\"inLanguage\":\"pt-BR\"},{\"@type\":\"ImageObject\",\"inLanguage\":\"pt-BR\",\"@id\":\"https:\/\/tdibrasil.org\/index.php\/colaboracoes\/#primaryimage\",\"url\":\"https:\/\/tdibrasil.org\/wp-content\/uploads\/2018\/08\/7179261994_9fb149ddf4_b-1-1.jpg\",\"contentUrl\":\"https:\/\/tdibrasil.org\/wp-content\/uploads\/2018\/08\/7179261994_9fb149ddf4_b-1-1.jpg\",\"width\":634,\"height\":634},{\"@type\":\"WebPage\",\"@id\":\"https:\/\/tdibrasil.org\/index.php\/colaboracoes\/#webpage\",\"url\":\"https:\/\/tdibrasil.org\/index.php\/colaboracoes\/\",\"name\":\"Colabora\u00e7\u00f5es &raquo; Portal TDI Brasil +\",\"isPartOf\":{\"@id\":\"https:\/\/tdibrasil.org\/#website\"},\"primaryImageOfPage\":{\"@id\":\"https:\/\/tdibrasil.org\/index.php\/colaboracoes\/#primaryimage\"},\"datePublished\":\"2016-03-15T17:23:34+00:00\",\"dateModified\":\"2023-11-14T15:07:25+00:00\",\"breadcrumb\":{\"@id\":\"https:\/\/tdibrasil.org\/index.php\/colaboracoes\/#breadcrumb\"},\"inLanguage\":\"pt-BR\",\"potentialAction\":[{\"@type\":\"ReadAction\",\"target\":[\"https:\/\/tdibrasil.org\/index.php\/colaboracoes\/\"]}]},{\"@type\":\"BreadcrumbList\",\"@id\":\"https:\/\/tdibrasil.org\/index.php\/colaboracoes\/#breadcrumb\",\"itemListElement\":[{\"@type\":\"ListItem\",\"position\":1,\"name\":\"In\u00edcio\",\"item\":\"https:\/\/tdibrasil.org\/\"},{\"@type\":\"ListItem\",\"position\":2,\"name\":\"Colabora\u00e7\u00f5es\"}]}]}<\/script>\n<!-- \/ Yoast SEO plugin. -->","yoast_head_json":{"title":"Colabora\u00e7\u00f5es &raquo; Portal TDI Brasil +","robots":{"index":"index","follow":"follow","max-snippet":"max-snippet:-1","max-image-preview":"max-image-preview:large","max-video-preview":"max-video-preview:-1"},"canonical":"https:\/\/tdibrasil.org\/index.php\/colaboracoes\/","og_locale":"pt_BR","og_type":"article","og_title":"Colabora\u00e7\u00f5es &raquo; Portal TDI Brasil +","og_description":"Este Portal apresenta textos de autores independentes que participam das atividades do Design Inteligente em l\u00edngua portuguesa e algumas tradu\u00e7\u00f5es: Este portal n\u00e3o est\u00e1 associado [...]","og_url":"https:\/\/tdibrasil.org\/index.php\/colaboracoes\/","og_site_name":"Portal TDI Brasil +","article_publisher":"https:\/\/www.facebook.com\/TeoriadoDesignInteligente\/","article_modified_time":"2023-11-14T15:07:25+00:00","og_image":[{"width":634,"height":634,"url":"https:\/\/tdibrasil.org\/wp-content\/uploads\/2018\/08\/7179261994_9fb149ddf4_b-1-1.jpg","type":"image\/jpeg"}],"twitter_card":"summary_large_image","twitter_misc":{"Est. tempo de leitura":"1 minuto"},"schema":{"@context":"https:\/\/schema.org","@graph":[{"@type":"Organization","@id":"https:\/\/tdibrasil.org\/#organization","name":"TDI Brasil +","url":"https:\/\/tdibrasil.org\/","sameAs":["https:\/\/www.facebook.com\/TeoriadoDesignInteligente\/"],"logo":{"@type":"ImageObject","inLanguage":"pt-BR","@id":"https:\/\/tdibrasil.org\/#\/schema\/logo\/image\/","url":"https:\/\/tdibrasil.org\/wp-content\/uploads\/2020\/05\/whats.jpg","contentUrl":"https:\/\/tdibrasil.org\/wp-content\/uploads\/2020\/05\/whats.jpg","width":512,"height":512,"caption":"TDI Brasil +"},"image":{"@id":"https:\/\/tdibrasil.org\/#\/schema\/logo\/image\/"}},{"@type":"WebSite","@id":"https:\/\/tdibrasil.org\/#website","url":"https:\/\/tdibrasil.org\/","name":"Portal TDI Brasil +","description":"Teoria do Design Inteligente","publisher":{"@id":"https:\/\/tdibrasil.org\/#organization"},"potentialAction":[{"@type":"SearchAction","target":{"@type":"EntryPoint","urlTemplate":"https:\/\/tdibrasil.org\/?s={search_term_string}"},"query-input":"required name=search_term_string"}],"inLanguage":"pt-BR"},{"@type":"ImageObject","inLanguage":"pt-BR","@id":"https:\/\/tdibrasil.org\/index.php\/colaboracoes\/#primaryimage","url":"https:\/\/tdibrasil.org\/wp-content\/uploads\/2018\/08\/7179261994_9fb149ddf4_b-1-1.jpg","contentUrl":"https:\/\/tdibrasil.org\/wp-content\/uploads\/2018\/08\/7179261994_9fb149ddf4_b-1-1.jpg","width":634,"height":634},{"@type":"WebPage","@id":"https:\/\/tdibrasil.org\/index.php\/colaboracoes\/#webpage","url":"https:\/\/tdibrasil.org\/index.php\/colaboracoes\/","name":"Colabora\u00e7\u00f5es &raquo; Portal TDI Brasil +","isPartOf":{"@id":"https:\/\/tdibrasil.org\/#website"},"primaryImageOfPage":{"@id":"https:\/\/tdibrasil.org\/index.php\/colaboracoes\/#primaryimage"},"datePublished":"2016-03-15T17:23:34+00:00","dateModified":"2023-11-14T15:07:25+00:00","breadcrumb":{"@id":"https:\/\/tdibrasil.org\/index.php\/colaboracoes\/#breadcrumb"},"inLanguage":"pt-BR","potentialAction":[{"@type":"ReadAction","target":["https:\/\/tdibrasil.org\/index.php\/colaboracoes\/"]}]},{"@type":"BreadcrumbList","@id":"https:\/\/tdibrasil.org\/index.php\/colaboracoes\/#breadcrumb","itemListElement":[{"@type":"ListItem","position":1,"name":"In\u00edcio","item":"https:\/\/tdibrasil.org\/"},{"@type":"ListItem","position":2,"name":"Colabora\u00e7\u00f5es"}]}]}},"_links":{"self":[{"href":"https:\/\/tdibrasil.org\/index.php\/wp-json\/wp\/v2\/pages\/880"}],"collection":[{"href":"https:\/\/tdibrasil.org\/index.php\/wp-json\/wp\/v2\/pages"}],"about":[{"href":"https:\/\/tdibrasil.org\/index.php\/wp-json\/wp\/v2\/types\/page"}],"author":[{"embeddable":true,"href":"https:\/\/tdibrasil.org\/index.php\/wp-json\/wp\/v2\/users\/1"}],"replies":[{"embeddable":true,"href":"https:\/\/tdibrasil.org\/index.php\/wp-json\/wp\/v2\/comments?post=880"}],"version-history":[{"count":5,"href":"https:\/\/tdibrasil.org\/index.php\/wp-json\/wp\/v2\/pages\/880\/revisions"}],"predecessor-version":[{"id":10132,"href":"https:\/\/tdibrasil.org\/index.php\/wp-json\/wp\/v2\/pages\/880\/revisions\/10132"}],"wp:featuredmedia":[{"embeddable":true,"href":"https:\/\/tdibrasil.org\/index.php\/wp-json\/wp\/v2\/media\/4423"}],"wp:attachment":[{"href":"https:\/\/tdibrasil.org\/index.php\/wp-json\/wp\/v2\/media?parent=880"}],"curies":[{"name":"wp","href":"https:\/\/api.w.org\/{rel}","templated":true}]}}