{"id":7605,"date":"2020-03-09T15:22:44","date_gmt":"2020-03-09T18:22:44","guid":{"rendered":"http:\/\/tdibrasil.org\/?page_id=7605"},"modified":"2020-03-09T15:22:44","modified_gmt":"2020-03-09T18:22:44","slug":"mapa-do-portal","status":"publish","type":"page","link":"https:\/\/tdibrasil.org\/index.php\/mapa-do-portal\/","title":{"rendered":"Mapa do Portal"},"content":{"rendered":"<p style=\"text-align: justify;\">Esta \u00e9 a lista de p\u00e1ginas do site que n\u00e3o est\u00e3o no menu principal.<\/p>\n<ul style=\"list-style-type:circle;\">\n<li><a href=\"https:\/\/tdibrasil.org\/index.php\/2019\/03\/04\/o-que-e-o-design-inteligente\/\" rel=\"noopener noreferrer\" target=\"_blank\">O que \u00e9 o Design Inteligente?<\/a><\/li>\n<li><a href=\"https:\/\/tdibrasil.org\/index.php\/principais\/\" rel=\"noopener noreferrer\" target=\"_blank\">Principais Sites<\/a><\/li>\n<li><a href=\"https:\/\/www.discovery.org\/id\/peer-review\/\" rel=\"noopener noreferrer\" target=\"_blank\">Peer Reviewed DI<\/a><\/li>\n<\/ul>\n<p><strong>Portal TDI+<\/strong><\/p>\n<ul style=\"list-style-type:circle;\">\n<li><a href=\"https:\/\/tdibrasil.org\/index.php\/objetivos-do-portal-tdi\/\" rel=\"noopener noreferrer\" target=\"_blank\">Objetivos do Portal TDI+<\/a><\/li>\n<li><a href=\"https:\/\/tdibrasil.org\/index.php\/colaboracoes\/\" rel=\"noopener noreferrer\" target=\"_blank\">Colabora\u00e7\u00f5es<\/a><\/li>\n<li><a href=\"https:\/\/tdibrasil.org\/index.php\/editores\/\" rel=\"noopener noreferrer\" target=\"_blank\">Aos Editores<\/a><\/li>\n<\/ul>\n<p><strong>Especial<\/strong><\/p>\n<ul style=\"list-style-type:circle;\">\n<li><a href=\"https:\/\/tdibrasil.org\/index.php\/diferencas-entre-evolucionismo-criacionismo-e-design-inteligente\/\" rel=\"noopener noreferrer\" target=\"_blank\">Diferen\u00e7as entre Evolucionismo, Criacionismo e Design Inteligente<\/a><\/li>\n<\/ul>\n<p><strong>Recursos<\/strong><\/p>\n<ul style=\"list-style-type:circle;\">\n<li><a href=\"https:\/\/tdibrasil.org\/index.php\/faq\/\" rel=\"noopener noreferrer\" target=\"_blank\">FAQ<\/a> (Perguntas Frequentes)<\/li>\n<li><a href=\"https:\/\/tdibrasil.org\/office\/algs\/weasel\/weasel.html\" rel=\"noopener noreferrer\" target=\"_blank\">Algoritmo Weasel<\/a> (simula\u00e7\u00e3o ing\u00eanua da evolu\u00e7\u00e3o)<\/li>\n<li><a href=\"https:\/\/cdms.astro.uni-koeln.de\/classic\/molecules\" rel=\"noopener noreferrer\" target=\"_blank\">Mol\u00e9culas espont\u00e2neas (tabela)<\/a><\/li>\n<li><a href=\"https:\/\/learn.genetics.utah.edu\/content\/cells\/scale\/\" rel=\"noopener noreferrer\" target=\"_blank\">C\u00e9lula em Tamanho e Escala<\/a> (interativo, acesse preferencialmente de computador\/notebook)<\/li>\n<\/ul>\n<p><strong>Facebook<\/strong><\/p>\n<ul style=\"list-style-type:circle;\">\n<li><a href=\"https:\/\/www.facebook.com\/TeoriadoDesignInteligente\/\" rel=\"noopener noreferrer\" target=\"_blank\">P\u00e1gina TDI+<\/a><\/li>\n<li><a href=\"https:\/\/www.facebook.com\/groups\/designinteligenteTDI\/\" rel=\"noopener noreferrer\" target=\"_blank\">Grupo TDI+<\/a><\/li>\n<\/ul>\n","protected":false},"excerpt":{"rendered":"<div class=\"mh-excerpt\"><p>Esta \u00e9 a lista de p\u00e1ginas do site que n\u00e3o est\u00e3o no menu principal. O que \u00e9 o Design Inteligente? Principais Sites Peer Reviewed DI <a class=\"mh-excerpt-more\" href=\"https:\/\/tdibrasil.org\/index.php\/mapa-do-portal\/\" title=\"Mapa do Portal\">[&#8230;]<\/a><\/p>\n<\/div>","protected":false},"author":1,"featured_media":7133,"parent":0,"menu_order":0,"comment_status":"closed","ping_status":"closed","template":"","meta":{"footnotes":""},"class_list":["post-7605","page","type-page","status-publish","has-post-thumbnail","hentry"],"yoast_head":"<!-- This site is optimized with the Yoast SEO plugin v18.9 - https:\/\/yoast.com\/wordpress\/plugins\/seo\/ -->\n<title>Mapa do Portal &raquo; Portal TDI Brasil +<\/title>\n<meta name=\"robots\" content=\"index, follow, max-snippet:-1, max-image-preview:large, max-video-preview:-1\" \/>\n<link rel=\"canonical\" href=\"https:\/\/tdibrasil.org\/index.php\/mapa-do-portal\/\" \/>\n<meta property=\"og:locale\" content=\"pt_BR\" \/>\n<meta property=\"og:type\" content=\"article\" \/>\n<meta property=\"og:title\" content=\"Mapa do Portal &raquo; Portal TDI Brasil +\" \/>\n<meta property=\"og:description\" content=\"Esta \u00e9 a lista de p\u00e1ginas do site que n\u00e3o est\u00e3o no menu principal. O que \u00e9 o Design Inteligente? Principais Sites Peer Reviewed DI [...]\" \/>\n<meta property=\"og:url\" content=\"https:\/\/tdibrasil.org\/index.php\/mapa-do-portal\/\" \/>\n<meta property=\"og:site_name\" content=\"Portal TDI Brasil +\" \/>\n<meta property=\"article:publisher\" content=\"https:\/\/www.facebook.com\/TeoriadoDesignInteligente\/\" \/>\n<meta property=\"og:image\" content=\"https:\/\/tdibrasil.org\/wp-content\/uploads\/2020\/01\/obacer-1.jpg\" \/>\n\t<meta property=\"og:image:width\" content=\"660\" \/>\n\t<meta property=\"og:image:height\" content=\"410\" \/>\n\t<meta property=\"og:image:type\" content=\"image\/jpeg\" \/>\n<meta name=\"twitter:card\" content=\"summary_large_image\" \/>\n<script type=\"application\/ld+json\" class=\"yoast-schema-graph\">{\"@context\":\"https:\/\/schema.org\",\"@graph\":[{\"@type\":\"Organization\",\"@id\":\"https:\/\/tdibrasil.org\/#organization\",\"name\":\"TDI Brasil +\",\"url\":\"https:\/\/tdibrasil.org\/\",\"sameAs\":[\"https:\/\/www.facebook.com\/TeoriadoDesignInteligente\/\"],\"logo\":{\"@type\":\"ImageObject\",\"inLanguage\":\"pt-BR\",\"@id\":\"https:\/\/tdibrasil.org\/#\/schema\/logo\/image\/\",\"url\":\"https:\/\/tdibrasil.org\/wp-content\/uploads\/2020\/05\/whats.jpg\",\"contentUrl\":\"https:\/\/tdibrasil.org\/wp-content\/uploads\/2020\/05\/whats.jpg\",\"width\":512,\"height\":512,\"caption\":\"TDI Brasil +\"},\"image\":{\"@id\":\"https:\/\/tdibrasil.org\/#\/schema\/logo\/image\/\"}},{\"@type\":\"WebSite\",\"@id\":\"https:\/\/tdibrasil.org\/#website\",\"url\":\"https:\/\/tdibrasil.org\/\",\"name\":\"Portal TDI Brasil +\",\"description\":\"Teoria do Design Inteligente\",\"publisher\":{\"@id\":\"https:\/\/tdibrasil.org\/#organization\"},\"potentialAction\":[{\"@type\":\"SearchAction\",\"target\":{\"@type\":\"EntryPoint\",\"urlTemplate\":\"https:\/\/tdibrasil.org\/?s={search_term_string}\"},\"query-input\":\"required name=search_term_string\"}],\"inLanguage\":\"pt-BR\"},{\"@type\":\"ImageObject\",\"inLanguage\":\"pt-BR\",\"@id\":\"https:\/\/tdibrasil.org\/index.php\/mapa-do-portal\/#primaryimage\",\"url\":\"https:\/\/tdibrasil.org\/wp-content\/uploads\/2020\/01\/obacer-1.jpg\",\"contentUrl\":\"https:\/\/tdibrasil.org\/wp-content\/uploads\/2020\/01\/obacer-1.jpg\",\"width\":660,\"height\":410,\"caption\":\"About Systema Naturae\"},{\"@type\":\"WebPage\",\"@id\":\"https:\/\/tdibrasil.org\/index.php\/mapa-do-portal\/#webpage\",\"url\":\"https:\/\/tdibrasil.org\/index.php\/mapa-do-portal\/\",\"name\":\"Mapa do Portal &raquo; Portal TDI Brasil +\",\"isPartOf\":{\"@id\":\"https:\/\/tdibrasil.org\/#website\"},\"primaryImageOfPage\":{\"@id\":\"https:\/\/tdibrasil.org\/index.php\/mapa-do-portal\/#primaryimage\"},\"datePublished\":\"2020-03-09T18:22:44+00:00\",\"dateModified\":\"2020-03-09T18:22:44+00:00\",\"breadcrumb\":{\"@id\":\"https:\/\/tdibrasil.org\/index.php\/mapa-do-portal\/#breadcrumb\"},\"inLanguage\":\"pt-BR\",\"potentialAction\":[{\"@type\":\"ReadAction\",\"target\":[\"https:\/\/tdibrasil.org\/index.php\/mapa-do-portal\/\"]}]},{\"@type\":\"BreadcrumbList\",\"@id\":\"https:\/\/tdibrasil.org\/index.php\/mapa-do-portal\/#breadcrumb\",\"itemListElement\":[{\"@type\":\"ListItem\",\"position\":1,\"name\":\"In\u00edcio\",\"item\":\"https:\/\/tdibrasil.org\/\"},{\"@type\":\"ListItem\",\"position\":2,\"name\":\"Mapa do Portal\"}]}]}<\/script>\n<!-- \/ Yoast SEO plugin. -->","yoast_head_json":{"title":"Mapa do Portal &raquo; Portal TDI Brasil +","robots":{"index":"index","follow":"follow","max-snippet":"max-snippet:-1","max-image-preview":"max-image-preview:large","max-video-preview":"max-video-preview:-1"},"canonical":"https:\/\/tdibrasil.org\/index.php\/mapa-do-portal\/","og_locale":"pt_BR","og_type":"article","og_title":"Mapa do Portal &raquo; Portal TDI Brasil +","og_description":"Esta \u00e9 a lista de p\u00e1ginas do site que n\u00e3o est\u00e3o no menu principal. O que \u00e9 o Design Inteligente? Principais Sites Peer Reviewed DI [...]","og_url":"https:\/\/tdibrasil.org\/index.php\/mapa-do-portal\/","og_site_name":"Portal TDI Brasil +","article_publisher":"https:\/\/www.facebook.com\/TeoriadoDesignInteligente\/","og_image":[{"width":660,"height":410,"url":"https:\/\/tdibrasil.org\/wp-content\/uploads\/2020\/01\/obacer-1.jpg","type":"image\/jpeg"}],"twitter_card":"summary_large_image","schema":{"@context":"https:\/\/schema.org","@graph":[{"@type":"Organization","@id":"https:\/\/tdibrasil.org\/#organization","name":"TDI Brasil +","url":"https:\/\/tdibrasil.org\/","sameAs":["https:\/\/www.facebook.com\/TeoriadoDesignInteligente\/"],"logo":{"@type":"ImageObject","inLanguage":"pt-BR","@id":"https:\/\/tdibrasil.org\/#\/schema\/logo\/image\/","url":"https:\/\/tdibrasil.org\/wp-content\/uploads\/2020\/05\/whats.jpg","contentUrl":"https:\/\/tdibrasil.org\/wp-content\/uploads\/2020\/05\/whats.jpg","width":512,"height":512,"caption":"TDI Brasil +"},"image":{"@id":"https:\/\/tdibrasil.org\/#\/schema\/logo\/image\/"}},{"@type":"WebSite","@id":"https:\/\/tdibrasil.org\/#website","url":"https:\/\/tdibrasil.org\/","name":"Portal TDI Brasil +","description":"Teoria do Design Inteligente","publisher":{"@id":"https:\/\/tdibrasil.org\/#organization"},"potentialAction":[{"@type":"SearchAction","target":{"@type":"EntryPoint","urlTemplate":"https:\/\/tdibrasil.org\/?s={search_term_string}"},"query-input":"required name=search_term_string"}],"inLanguage":"pt-BR"},{"@type":"ImageObject","inLanguage":"pt-BR","@id":"https:\/\/tdibrasil.org\/index.php\/mapa-do-portal\/#primaryimage","url":"https:\/\/tdibrasil.org\/wp-content\/uploads\/2020\/01\/obacer-1.jpg","contentUrl":"https:\/\/tdibrasil.org\/wp-content\/uploads\/2020\/01\/obacer-1.jpg","width":660,"height":410,"caption":"About Systema Naturae"},{"@type":"WebPage","@id":"https:\/\/tdibrasil.org\/index.php\/mapa-do-portal\/#webpage","url":"https:\/\/tdibrasil.org\/index.php\/mapa-do-portal\/","name":"Mapa do Portal &raquo; Portal TDI Brasil +","isPartOf":{"@id":"https:\/\/tdibrasil.org\/#website"},"primaryImageOfPage":{"@id":"https:\/\/tdibrasil.org\/index.php\/mapa-do-portal\/#primaryimage"},"datePublished":"2020-03-09T18:22:44+00:00","dateModified":"2020-03-09T18:22:44+00:00","breadcrumb":{"@id":"https:\/\/tdibrasil.org\/index.php\/mapa-do-portal\/#breadcrumb"},"inLanguage":"pt-BR","potentialAction":[{"@type":"ReadAction","target":["https:\/\/tdibrasil.org\/index.php\/mapa-do-portal\/"]}]},{"@type":"BreadcrumbList","@id":"https:\/\/tdibrasil.org\/index.php\/mapa-do-portal\/#breadcrumb","itemListElement":[{"@type":"ListItem","position":1,"name":"In\u00edcio","item":"https:\/\/tdibrasil.org\/"},{"@type":"ListItem","position":2,"name":"Mapa do Portal"}]}]}},"_links":{"self":[{"href":"https:\/\/tdibrasil.org\/index.php\/wp-json\/wp\/v2\/pages\/7605"}],"collection":[{"href":"https:\/\/tdibrasil.org\/index.php\/wp-json\/wp\/v2\/pages"}],"about":[{"href":"https:\/\/tdibrasil.org\/index.php\/wp-json\/wp\/v2\/types\/page"}],"author":[{"embeddable":true,"href":"https:\/\/tdibrasil.org\/index.php\/wp-json\/wp\/v2\/users\/1"}],"replies":[{"embeddable":true,"href":"https:\/\/tdibrasil.org\/index.php\/wp-json\/wp\/v2\/comments?post=7605"}],"version-history":[{"count":0,"href":"https:\/\/tdibrasil.org\/index.php\/wp-json\/wp\/v2\/pages\/7605\/revisions"}],"wp:featuredmedia":[{"embeddable":true,"href":"https:\/\/tdibrasil.org\/index.php\/wp-json\/wp\/v2\/media\/7133"}],"wp:attachment":[{"href":"https:\/\/tdibrasil.org\/index.php\/wp-json\/wp\/v2\/media?parent=7605"}],"curies":[{"name":"wp","href":"https:\/\/api.w.org\/{rel}","templated":true}]}}