{"id":7150,"date":"2020-01-13T01:40:13","date_gmt":"2020-01-13T04:40:13","guid":{"rendered":"http:\/\/tdibrasil.org\/?page_id=7150"},"modified":"2021-10-10T03:47:42","modified_gmt":"2021-10-10T06:47:42","slug":"objetivos-do-portal-tdi","status":"publish","type":"page","link":"https:\/\/tdibrasil.org\/index.php\/objetivos-do-portal-tdi\/","title":{"rendered":"Objetivos do Portal TDI +"},"content":{"rendered":"<figure id=\"attachment_7133\" aria-describedby=\"caption-attachment-7133\" style=\"width: 660px\" class=\"wp-caption aligncenter\"><img loading=\"lazy\" decoding=\"async\" class=\"size-full wp-image-7133\" src=\"https:\/\/tdibrasil.org\/wp-content\/uploads\/2020\/01\/obacer.jpg\" alt=\"\" width=\"660\" height=\"410\" \/><figcaption id=\"caption-attachment-7133\" class=\"wp-caption-text\"><center>Objetivos do Portal TDI+ (TDI Plus)<\/center><\/figcaption><\/figure>\n<hr \/>\n<p style=\"text-align: justify;\">O Portal TDI Brasil +, ou Portal TDI Brasil <strong>Plus<\/strong>, \u00e9 o primeiro portal sobre o Design Inteligente em l\u00edngua portuguesa. Inaugurado em <a href=\"https:\/\/tdibrasil.org\/index.php\/2015\/10\/10\/abertura\/\" target=\"_blank\" rel=\"noopener noreferrer\">outubro de 2015<\/a>, \u00e9 uma iniciativa volunt\u00e1ria e extraoficial de proponentes do Design Inteligente com objetivos coerentes e relacionados ao movimento do Design Inteligente.<\/p>\n<p style=\"text-align: justify;\">Originalmente Portal TDI Brasil, a partir de novembro de 2016 o portal passou a se chamar Portal TDI Plus (TDI +) por raz\u00e3o do <a href=\"https:\/\/tdibrasil.org\/index.php\/2017\/02\/14\/portal-tdi-brasil\/\" target=\"_blank\" rel=\"noopener noreferrer\">lan\u00e7amento de um portal oficial<\/a> da Sociedade Brasileira do Design Inteligente (SBDI) com o mesmo nome: <a href=\"https:\/\/tdibrasil.com\/\" target=\"_blank\" rel=\"noopener noreferrer\">tdibrasil.com<\/a>.<\/p>\n<p style=\"text-align: center;\"><strong>Raz\u00f5es para o Design<\/strong><\/p>\n<p style=\"text-align: justify;\">Uma das raz\u00f5es fundamentais do Portal TDI + \u00e9 reunir os defensores e entusiastas do Design Inteligente em um mesmo esfor\u00e7o em favor da compreens\u00e3o da Teoria do Design Inteligente. Buscamos a forma\u00e7\u00e3o de massa cr\u00edtica, isso \u00e9, a consci\u00eancia necess\u00e1ria para estabelecer e manter o sistema de ideias para al\u00e9m do momento atual. (Aparentemente isso j\u00e1 aconteceu nos Estados Unidos). Outra raz\u00e3o fundamental \u00e9 aproximar a teoria do p\u00fablico geral.<\/p>\n<p style=\"text-align: center;\"><em>Difus\u00e3o e Controv\u00e9rsia<\/em><\/p>\n<p style=\"text-align: justify;\">A\u00a0cria\u00e7\u00e3o de conte\u00fado e tradu\u00e7\u00f5es de publica\u00e7\u00f5es sobre t\u00f3picos relevantes est\u00e3o entre os objetivos do Portal TDI +. A maior parte das publica\u00e7\u00f5es sobre o Design Inteligente est\u00e1 em ingl\u00eas e muito pouco material est\u00e1 dispon\u00edvel em portugu\u00eas. Qualquer pessoa pode submeter textos a favor e at\u00e9 mesmo contra a teoria (categoria\u00a0Direito de Resposta). Acreditamos que a\u00a0controv\u00e9rsia ajude na compreens\u00e3o dos problemas cient\u00edficos por meio do contraste entre as hip\u00f3teses.<\/p>\n<p style=\"text-align: center;\"><em>Senso comum e Ideologia<\/em><\/p>\n<p style=\"text-align: justify;\">Alguns entusiastas do movimento do Design Inteligente se perguntam sobre o status te\u00f3rico apresentado pelo movimento em contraste a imagem relacionada a teoria e ao movimento pelos cr\u00edticos, que configuram praticamente a &#8220;ci\u00eancia oficial&#8221;. Essa imagem negativa se deve a uma resist\u00eancia natural dos cr\u00edticos, que enxergam a teoria como uma amea\u00e7a. H\u00e1 um fluxo a partir de ideologias para o senso comum contra a &#8220;infer\u00eancia ao design&#8217; de modo a passar uma &#8220;sensa\u00e7\u00e3o&#8221; ao p\u00fablico de que seja algo &#8220;imposs\u00edvel&#8221; ou at\u00e9 mesmo &#8220;absurdo&#8221;, por isso uma das alega\u00e7\u00f5es principais seja a de que &#8220;o design inteligente n\u00e3o \u00e9 ci\u00eancia&#8221;. Como todo contexto tem uma vantagem, nesse caso os cr\u00edticos tratam ingenuamente a teoria e geralmente estamos em vantagem em debates p\u00fablicos. (Conhecemos tanto a nossa teoria quanto a deles).<\/p>\n<p style=\"text-align: justify;\">Sobre isso, os objetivos s\u00e3o buscar a integridade do movimento (livre de ativismo simpl\u00f3rio), n\u00e3o impor\u00a0hip\u00f3teses e teorias, mas favorecer sua compreens\u00e3o. Essa tamb\u00e9m \u00e9 a posi\u00e7\u00e3o das entidades oficiais sobre o Design Inteligente.<\/p>\n<p style=\"text-align: center;\"><em>Desenvolvimento &amp; Teoria Geral<\/em><\/p>\n<p style=\"text-align: justify;\">O desenvolvimento te\u00f3rico depende do confronto de ideias, especialmente nas ci\u00eancias hist\u00f3ricas (por m\u00faltiplas hip\u00f3teses concorrentes). As propostas e perspectivas para a teoria devem ser discutidas e confrontadas, como na categoria\u00a0<a href=\"https:\/\/tdibrasil.org\/index.php\/category\/questoes-objecoes\/\" target=\"_blank\" rel=\"noopener noreferrer\">Quest\u00f5es &amp; Obje\u00e7\u00f5es<\/a>. Essa abordagem favorece a compreens\u00e3o dos problemas te\u00f3ricos. A comunidade brasileira \u00e9 uma das mais integradas a comunidade matriz do movimento, nos Estados Unidos.\u00a0Assim, existe a possibilidade de interc\u00e2mbio de colabora\u00e7\u00f5es.<\/p>\n<p style=\"text-align: justify;\">Apesar do design ter se tornado cada vez mais o <a href=\"https:\/\/tdibrasil.org\/index.php\/2017\/12\/07\/o-design-mas-nao-design-intencional-e-o-novo-principio-unificador-da-biologia\/\" target=\"_blank\" rel=\"noopener noreferrer\">elemento unificador da biologia<\/a>, uma teoria geral que favore\u00e7a a interpreta\u00e7\u00e3o de que esse design seja intencional n\u00e3o foi estabelecida. Esse ser\u00e1 um desdobramento futuro do trabalho acumulado e confrontado. Partindo dos\u00a0v\u00e1rios te\u00f3ricos que desenvolvem pontos espec\u00edficos, ser\u00e1 poss\u00edvel que te\u00f3ricos trabalhem uma s\u00edntese. Esses far\u00e3o a unifica\u00e7\u00e3o que retornar\u00e1 como orienta\u00e7\u00e3o global para a pesquisa.<\/p>\n<p style=\"text-align: center;\"><strong>Recapitula\u00e7\u00e3o<\/strong><\/p>\n<ul>\n<li>Reunir os defensores e entusiastas do Design Inteligente.<\/li>\n<li>Ajudar na forma\u00e7\u00e3o de massa cr\u00edtica.<\/li>\n<li>Cria\u00e7\u00e3o de conte\u00fado e tradu\u00e7\u00f5es.<\/li>\n<li>Aproximar a teoria do p\u00fablico geral.<\/li>\n<li>Incentivo a controv\u00e9rsia para compreens\u00e3o dos problemas.<\/li>\n<li>Buscar a integridade do movimento.<\/li>\n<li>N\u00e3o impor hip\u00f3teses ou teorias, mas favorecer a compreens\u00e3o.<\/li>\n<li>Desenvolvimento te\u00f3rico.<\/li>\n<li>Integra\u00e7\u00e3o com a comunidade internacional.<\/li>\n<li>Unifica\u00e7\u00e3o te\u00f3rica.<\/li>\n<\/ul>\n<hr \/>\n","protected":false},"excerpt":{"rendered":"<div class=\"mh-excerpt\"><p>O Portal TDI Brasil +, ou Portal TDI Brasil Plus, \u00e9 o primeiro portal sobre o Design Inteligente em l\u00edngua portuguesa. Inaugurado em outubro de <a class=\"mh-excerpt-more\" href=\"https:\/\/tdibrasil.org\/index.php\/objetivos-do-portal-tdi\/\" title=\"Objetivos do Portal TDI +\">[&#8230;]<\/a><\/p>\n<\/div>","protected":false},"author":1,"featured_media":7133,"parent":0,"menu_order":0,"comment_status":"closed","ping_status":"closed","template":"","meta":{"footnotes":""},"class_list":["post-7150","page","type-page","status-publish","has-post-thumbnail","hentry"],"yoast_head":"<!-- This site is optimized with the Yoast SEO plugin v18.9 - https:\/\/yoast.com\/wordpress\/plugins\/seo\/ -->\n<title>Objetivos do Portal TDI + &raquo; Portal TDI Brasil +<\/title>\n<meta name=\"robots\" content=\"index, follow, max-snippet:-1, max-image-preview:large, max-video-preview:-1\" \/>\n<link rel=\"canonical\" href=\"https:\/\/tdibrasil.org\/index.php\/objetivos-do-portal-tdi\/\" \/>\n<meta property=\"og:locale\" content=\"pt_BR\" \/>\n<meta property=\"og:type\" content=\"article\" \/>\n<meta property=\"og:title\" content=\"Objetivos do Portal TDI + &raquo; Portal TDI Brasil +\" \/>\n<meta property=\"og:description\" content=\"O Portal TDI Brasil +, ou Portal TDI Brasil Plus, \u00e9 o primeiro portal sobre o Design Inteligente em l\u00edngua portuguesa. Inaugurado em outubro de [...]\" \/>\n<meta property=\"og:url\" content=\"https:\/\/tdibrasil.org\/index.php\/objetivos-do-portal-tdi\/\" \/>\n<meta property=\"og:site_name\" content=\"Portal TDI Brasil +\" \/>\n<meta property=\"article:publisher\" content=\"https:\/\/www.facebook.com\/TeoriadoDesignInteligente\/\" \/>\n<meta property=\"article:modified_time\" content=\"2021-10-10T06:47:42+00:00\" \/>\n<meta property=\"og:image\" content=\"https:\/\/tdibrasil.org\/wp-content\/uploads\/2020\/01\/obacer-1.jpg\" \/>\n\t<meta property=\"og:image:width\" content=\"660\" \/>\n\t<meta property=\"og:image:height\" content=\"410\" \/>\n\t<meta property=\"og:image:type\" content=\"image\/jpeg\" \/>\n<meta name=\"twitter:card\" content=\"summary_large_image\" \/>\n<meta name=\"twitter:label1\" content=\"Est. tempo de leitura\" \/>\n\t<meta name=\"twitter:data1\" content=\"3 minutos\" \/>\n<script type=\"application\/ld+json\" class=\"yoast-schema-graph\">{\"@context\":\"https:\/\/schema.org\",\"@graph\":[{\"@type\":\"Organization\",\"@id\":\"https:\/\/tdibrasil.org\/#organization\",\"name\":\"TDI Brasil +\",\"url\":\"https:\/\/tdibrasil.org\/\",\"sameAs\":[\"https:\/\/www.facebook.com\/TeoriadoDesignInteligente\/\"],\"logo\":{\"@type\":\"ImageObject\",\"inLanguage\":\"pt-BR\",\"@id\":\"https:\/\/tdibrasil.org\/#\/schema\/logo\/image\/\",\"url\":\"https:\/\/tdibrasil.org\/wp-content\/uploads\/2020\/05\/whats.jpg\",\"contentUrl\":\"https:\/\/tdibrasil.org\/wp-content\/uploads\/2020\/05\/whats.jpg\",\"width\":512,\"height\":512,\"caption\":\"TDI Brasil +\"},\"image\":{\"@id\":\"https:\/\/tdibrasil.org\/#\/schema\/logo\/image\/\"}},{\"@type\":\"WebSite\",\"@id\":\"https:\/\/tdibrasil.org\/#website\",\"url\":\"https:\/\/tdibrasil.org\/\",\"name\":\"Portal TDI Brasil +\",\"description\":\"Teoria do Design Inteligente\",\"publisher\":{\"@id\":\"https:\/\/tdibrasil.org\/#organization\"},\"potentialAction\":[{\"@type\":\"SearchAction\",\"target\":{\"@type\":\"EntryPoint\",\"urlTemplate\":\"https:\/\/tdibrasil.org\/?s={search_term_string}\"},\"query-input\":\"required name=search_term_string\"}],\"inLanguage\":\"pt-BR\"},{\"@type\":\"ImageObject\",\"inLanguage\":\"pt-BR\",\"@id\":\"https:\/\/tdibrasil.org\/index.php\/objetivos-do-portal-tdi\/#primaryimage\",\"url\":\"https:\/\/tdibrasil.org\/wp-content\/uploads\/2020\/01\/obacer-1.jpg\",\"contentUrl\":\"https:\/\/tdibrasil.org\/wp-content\/uploads\/2020\/01\/obacer-1.jpg\",\"width\":660,\"height\":410,\"caption\":\"About Systema Naturae\"},{\"@type\":\"WebPage\",\"@id\":\"https:\/\/tdibrasil.org\/index.php\/objetivos-do-portal-tdi\/#webpage\",\"url\":\"https:\/\/tdibrasil.org\/index.php\/objetivos-do-portal-tdi\/\",\"name\":\"Objetivos do Portal TDI + &raquo; Portal TDI Brasil +\",\"isPartOf\":{\"@id\":\"https:\/\/tdibrasil.org\/#website\"},\"primaryImageOfPage\":{\"@id\":\"https:\/\/tdibrasil.org\/index.php\/objetivos-do-portal-tdi\/#primaryimage\"},\"datePublished\":\"2020-01-13T04:40:13+00:00\",\"dateModified\":\"2021-10-10T06:47:42+00:00\",\"breadcrumb\":{\"@id\":\"https:\/\/tdibrasil.org\/index.php\/objetivos-do-portal-tdi\/#breadcrumb\"},\"inLanguage\":\"pt-BR\",\"potentialAction\":[{\"@type\":\"ReadAction\",\"target\":[\"https:\/\/tdibrasil.org\/index.php\/objetivos-do-portal-tdi\/\"]}]},{\"@type\":\"BreadcrumbList\",\"@id\":\"https:\/\/tdibrasil.org\/index.php\/objetivos-do-portal-tdi\/#breadcrumb\",\"itemListElement\":[{\"@type\":\"ListItem\",\"position\":1,\"name\":\"In\u00edcio\",\"item\":\"https:\/\/tdibrasil.org\/\"},{\"@type\":\"ListItem\",\"position\":2,\"name\":\"Objetivos do Portal TDI +\"}]}]}<\/script>\n<!-- \/ Yoast SEO plugin. -->","yoast_head_json":{"title":"Objetivos do Portal TDI + &raquo; Portal TDI Brasil +","robots":{"index":"index","follow":"follow","max-snippet":"max-snippet:-1","max-image-preview":"max-image-preview:large","max-video-preview":"max-video-preview:-1"},"canonical":"https:\/\/tdibrasil.org\/index.php\/objetivos-do-portal-tdi\/","og_locale":"pt_BR","og_type":"article","og_title":"Objetivos do Portal TDI + &raquo; Portal TDI Brasil +","og_description":"O Portal TDI Brasil +, ou Portal TDI Brasil Plus, \u00e9 o primeiro portal sobre o Design Inteligente em l\u00edngua portuguesa. Inaugurado em outubro de [...]","og_url":"https:\/\/tdibrasil.org\/index.php\/objetivos-do-portal-tdi\/","og_site_name":"Portal TDI Brasil +","article_publisher":"https:\/\/www.facebook.com\/TeoriadoDesignInteligente\/","article_modified_time":"2021-10-10T06:47:42+00:00","og_image":[{"width":660,"height":410,"url":"https:\/\/tdibrasil.org\/wp-content\/uploads\/2020\/01\/obacer-1.jpg","type":"image\/jpeg"}],"twitter_card":"summary_large_image","twitter_misc":{"Est. tempo de leitura":"3 minutos"},"schema":{"@context":"https:\/\/schema.org","@graph":[{"@type":"Organization","@id":"https:\/\/tdibrasil.org\/#organization","name":"TDI Brasil +","url":"https:\/\/tdibrasil.org\/","sameAs":["https:\/\/www.facebook.com\/TeoriadoDesignInteligente\/"],"logo":{"@type":"ImageObject","inLanguage":"pt-BR","@id":"https:\/\/tdibrasil.org\/#\/schema\/logo\/image\/","url":"https:\/\/tdibrasil.org\/wp-content\/uploads\/2020\/05\/whats.jpg","contentUrl":"https:\/\/tdibrasil.org\/wp-content\/uploads\/2020\/05\/whats.jpg","width":512,"height":512,"caption":"TDI Brasil +"},"image":{"@id":"https:\/\/tdibrasil.org\/#\/schema\/logo\/image\/"}},{"@type":"WebSite","@id":"https:\/\/tdibrasil.org\/#website","url":"https:\/\/tdibrasil.org\/","name":"Portal TDI Brasil +","description":"Teoria do Design Inteligente","publisher":{"@id":"https:\/\/tdibrasil.org\/#organization"},"potentialAction":[{"@type":"SearchAction","target":{"@type":"EntryPoint","urlTemplate":"https:\/\/tdibrasil.org\/?s={search_term_string}"},"query-input":"required name=search_term_string"}],"inLanguage":"pt-BR"},{"@type":"ImageObject","inLanguage":"pt-BR","@id":"https:\/\/tdibrasil.org\/index.php\/objetivos-do-portal-tdi\/#primaryimage","url":"https:\/\/tdibrasil.org\/wp-content\/uploads\/2020\/01\/obacer-1.jpg","contentUrl":"https:\/\/tdibrasil.org\/wp-content\/uploads\/2020\/01\/obacer-1.jpg","width":660,"height":410,"caption":"About Systema Naturae"},{"@type":"WebPage","@id":"https:\/\/tdibrasil.org\/index.php\/objetivos-do-portal-tdi\/#webpage","url":"https:\/\/tdibrasil.org\/index.php\/objetivos-do-portal-tdi\/","name":"Objetivos do Portal TDI + &raquo; Portal TDI Brasil +","isPartOf":{"@id":"https:\/\/tdibrasil.org\/#website"},"primaryImageOfPage":{"@id":"https:\/\/tdibrasil.org\/index.php\/objetivos-do-portal-tdi\/#primaryimage"},"datePublished":"2020-01-13T04:40:13+00:00","dateModified":"2021-10-10T06:47:42+00:00","breadcrumb":{"@id":"https:\/\/tdibrasil.org\/index.php\/objetivos-do-portal-tdi\/#breadcrumb"},"inLanguage":"pt-BR","potentialAction":[{"@type":"ReadAction","target":["https:\/\/tdibrasil.org\/index.php\/objetivos-do-portal-tdi\/"]}]},{"@type":"BreadcrumbList","@id":"https:\/\/tdibrasil.org\/index.php\/objetivos-do-portal-tdi\/#breadcrumb","itemListElement":[{"@type":"ListItem","position":1,"name":"In\u00edcio","item":"https:\/\/tdibrasil.org\/"},{"@type":"ListItem","position":2,"name":"Objetivos do Portal TDI +"}]}]}},"_links":{"self":[{"href":"https:\/\/tdibrasil.org\/index.php\/wp-json\/wp\/v2\/pages\/7150"}],"collection":[{"href":"https:\/\/tdibrasil.org\/index.php\/wp-json\/wp\/v2\/pages"}],"about":[{"href":"https:\/\/tdibrasil.org\/index.php\/wp-json\/wp\/v2\/types\/page"}],"author":[{"embeddable":true,"href":"https:\/\/tdibrasil.org\/index.php\/wp-json\/wp\/v2\/users\/1"}],"replies":[{"embeddable":true,"href":"https:\/\/tdibrasil.org\/index.php\/wp-json\/wp\/v2\/comments?post=7150"}],"version-history":[{"count":2,"href":"https:\/\/tdibrasil.org\/index.php\/wp-json\/wp\/v2\/pages\/7150\/revisions"}],"predecessor-version":[{"id":9273,"href":"https:\/\/tdibrasil.org\/index.php\/wp-json\/wp\/v2\/pages\/7150\/revisions\/9273"}],"wp:featuredmedia":[{"embeddable":true,"href":"https:\/\/tdibrasil.org\/index.php\/wp-json\/wp\/v2\/media\/7133"}],"wp:attachment":[{"href":"https:\/\/tdibrasil.org\/index.php\/wp-json\/wp\/v2\/media?parent=7150"}],"curies":[{"name":"wp","href":"https:\/\/api.w.org\/{rel}","templated":true}]}}