{"id":6911,"date":"2015-10-10T17:26:02","date_gmt":"2015-10-10T17:26:02","guid":{"rendered":"http:\/\/tdibrasil.org\/?page_id=2"},"modified":"2020-05-07T01:51:25","modified_gmt":"2020-05-07T04:51:25","slug":"home","status":"publish","type":"page","link":"https:\/\/tdibrasil.org\/","title":{"rendered":"Home"},"content":{"rendered":"","protected":false},"excerpt":{"rendered":"<div class=\"mh-excerpt\"><\/div>","protected":false},"author":1,"featured_media":7133,"parent":0,"menu_order":0,"comment_status":"closed","ping_status":"open","template":"homepage.php","meta":{"footnotes":""},"class_list":["post-6911","page","type-page","status-publish","has-post-thumbnail","hentry"],"yoast_head":"<!-- This site is optimized with the Yoast SEO plugin v18.9 - https:\/\/yoast.com\/wordpress\/plugins\/seo\/ -->\n<title>Home &raquo; Portal TDI Brasil +<\/title>\n<meta name=\"description\" content=\"O Portal TDI Brasil \u00e9 o primeiro portal sobre o Design Inteligente em l\u00edngua portuguesa. O Design Inteligente \u00e9 a proposi\u00e7\u00e3o de que certas caracter\u00edsticas do universo e dos seres vivos s\u00e3o melhor explicadas por uma causa inteligente, e n\u00e3o por processos acidentais,\" \/>\n<meta name=\"robots\" content=\"index, follow, max-snippet:-1, max-image-preview:large, max-video-preview:-1\" \/>\n<link rel=\"canonical\" href=\"https:\/\/tdibrasil.org\/\" \/>\n<meta property=\"og:locale\" content=\"pt_BR\" \/>\n<meta property=\"og:type\" content=\"article\" \/>\n<meta property=\"og:title\" content=\"Home &raquo; Portal TDI Brasil +\" \/>\n<meta property=\"og:description\" content=\"O Portal TDI Brasil \u00e9 o primeiro portal sobre o Design Inteligente em l\u00edngua portuguesa. O Design Inteligente \u00e9 a proposi\u00e7\u00e3o de que certas caracter\u00edsticas do universo e dos seres vivos s\u00e3o melhor explicadas por uma causa inteligente, e n\u00e3o por processos acidentais,\" \/>\n<meta property=\"og:url\" content=\"https:\/\/tdibrasil.org\/\" \/>\n<meta property=\"og:site_name\" content=\"Portal TDI Brasil +\" \/>\n<meta property=\"article:publisher\" content=\"https:\/\/www.facebook.com\/TeoriadoDesignInteligente\/\" \/>\n<meta property=\"article:modified_time\" content=\"2020-05-07T04:51:25+00:00\" \/>\n<meta property=\"og:image\" content=\"https:\/\/tdibrasil.org\/wp-content\/uploads\/2020\/01\/obacer-1.jpg\" \/>\n\t<meta property=\"og:image:width\" content=\"660\" \/>\n\t<meta property=\"og:image:height\" content=\"410\" \/>\n\t<meta property=\"og:image:type\" content=\"image\/jpeg\" \/>\n<meta name=\"twitter:card\" content=\"summary_large_image\" \/>\n<script type=\"application\/ld+json\" class=\"yoast-schema-graph\">{\"@context\":\"https:\/\/schema.org\",\"@graph\":[{\"@type\":\"Organization\",\"@id\":\"https:\/\/tdibrasil.org\/#organization\",\"name\":\"TDI Brasil +\",\"url\":\"https:\/\/tdibrasil.org\/\",\"sameAs\":[\"https:\/\/www.facebook.com\/TeoriadoDesignInteligente\/\"],\"logo\":{\"@type\":\"ImageObject\",\"inLanguage\":\"pt-BR\",\"@id\":\"https:\/\/tdibrasil.org\/#\/schema\/logo\/image\/\",\"url\":\"https:\/\/tdibrasil.org\/wp-content\/uploads\/2020\/05\/whats.jpg\",\"contentUrl\":\"https:\/\/tdibrasil.org\/wp-content\/uploads\/2020\/05\/whats.jpg\",\"width\":512,\"height\":512,\"caption\":\"TDI Brasil +\"},\"image\":{\"@id\":\"https:\/\/tdibrasil.org\/#\/schema\/logo\/image\/\"}},{\"@type\":\"WebSite\",\"@id\":\"https:\/\/tdibrasil.org\/#website\",\"url\":\"https:\/\/tdibrasil.org\/\",\"name\":\"Portal TDI Brasil +\",\"description\":\"Teoria do Design Inteligente\",\"publisher\":{\"@id\":\"https:\/\/tdibrasil.org\/#organization\"},\"potentialAction\":[{\"@type\":\"SearchAction\",\"target\":{\"@type\":\"EntryPoint\",\"urlTemplate\":\"https:\/\/tdibrasil.org\/?s={search_term_string}\"},\"query-input\":\"required name=search_term_string\"}],\"inLanguage\":\"pt-BR\"},{\"@type\":\"ImageObject\",\"inLanguage\":\"pt-BR\",\"@id\":\"https:\/\/tdibrasil.org\/#primaryimage\",\"url\":\"https:\/\/tdibrasil.org\/wp-content\/uploads\/2020\/01\/obacer-1.jpg\",\"contentUrl\":\"https:\/\/tdibrasil.org\/wp-content\/uploads\/2020\/01\/obacer-1.jpg\",\"width\":660,\"height\":410,\"caption\":\"About Systema Naturae\"},{\"@type\":\"WebPage\",\"@id\":\"https:\/\/tdibrasil.org\/#webpage\",\"url\":\"https:\/\/tdibrasil.org\/\",\"name\":\"Home &raquo; Portal TDI Brasil +\",\"isPartOf\":{\"@id\":\"https:\/\/tdibrasil.org\/#website\"},\"primaryImageOfPage\":{\"@id\":\"https:\/\/tdibrasil.org\/#primaryimage\"},\"datePublished\":\"2015-10-10T17:26:02+00:00\",\"dateModified\":\"2020-05-07T04:51:25+00:00\",\"description\":\"O Portal TDI Brasil \u00e9 o primeiro portal sobre o Design Inteligente em l\u00edngua portuguesa. O Design Inteligente \u00e9 a proposi\u00e7\u00e3o de que certas caracter\u00edsticas do universo e dos seres vivos s\u00e3o melhor explicadas por uma causa inteligente, e n\u00e3o por processos acidentais,\",\"breadcrumb\":{\"@id\":\"https:\/\/tdibrasil.org\/#breadcrumb\"},\"inLanguage\":\"pt-BR\",\"potentialAction\":[{\"@type\":\"ReadAction\",\"target\":[\"https:\/\/tdibrasil.org\/\"]}]},{\"@type\":\"BreadcrumbList\",\"@id\":\"https:\/\/tdibrasil.org\/#breadcrumb\",\"itemListElement\":[{\"@type\":\"ListItem\",\"position\":1,\"name\":\"In\u00edcio\",\"item\":\"https:\/\/tdibrasil.org\/\"},{\"@type\":\"ListItem\",\"position\":2,\"name\":\"Home\"}]}]}<\/script>\n<!-- \/ Yoast SEO plugin. -->","yoast_head_json":{"title":"Home &raquo; Portal TDI Brasil +","description":"O Portal TDI Brasil \u00e9 o primeiro portal sobre o Design Inteligente em l\u00edngua portuguesa. O Design Inteligente \u00e9 a proposi\u00e7\u00e3o de que certas caracter\u00edsticas do universo e dos seres vivos s\u00e3o melhor explicadas por uma causa inteligente, e n\u00e3o por processos acidentais,","robots":{"index":"index","follow":"follow","max-snippet":"max-snippet:-1","max-image-preview":"max-image-preview:large","max-video-preview":"max-video-preview:-1"},"canonical":"https:\/\/tdibrasil.org\/","og_locale":"pt_BR","og_type":"article","og_title":"Home &raquo; Portal TDI Brasil +","og_description":"O Portal TDI Brasil \u00e9 o primeiro portal sobre o Design Inteligente em l\u00edngua portuguesa. O Design Inteligente \u00e9 a proposi\u00e7\u00e3o de que certas caracter\u00edsticas do universo e dos seres vivos s\u00e3o melhor explicadas por uma causa inteligente, e n\u00e3o por processos acidentais,","og_url":"https:\/\/tdibrasil.org\/","og_site_name":"Portal TDI Brasil +","article_publisher":"https:\/\/www.facebook.com\/TeoriadoDesignInteligente\/","article_modified_time":"2020-05-07T04:51:25+00:00","og_image":[{"width":660,"height":410,"url":"https:\/\/tdibrasil.org\/wp-content\/uploads\/2020\/01\/obacer-1.jpg","type":"image\/jpeg"}],"twitter_card":"summary_large_image","schema":{"@context":"https:\/\/schema.org","@graph":[{"@type":"Organization","@id":"https:\/\/tdibrasil.org\/#organization","name":"TDI Brasil +","url":"https:\/\/tdibrasil.org\/","sameAs":["https:\/\/www.facebook.com\/TeoriadoDesignInteligente\/"],"logo":{"@type":"ImageObject","inLanguage":"pt-BR","@id":"https:\/\/tdibrasil.org\/#\/schema\/logo\/image\/","url":"https:\/\/tdibrasil.org\/wp-content\/uploads\/2020\/05\/whats.jpg","contentUrl":"https:\/\/tdibrasil.org\/wp-content\/uploads\/2020\/05\/whats.jpg","width":512,"height":512,"caption":"TDI Brasil +"},"image":{"@id":"https:\/\/tdibrasil.org\/#\/schema\/logo\/image\/"}},{"@type":"WebSite","@id":"https:\/\/tdibrasil.org\/#website","url":"https:\/\/tdibrasil.org\/","name":"Portal TDI Brasil +","description":"Teoria do Design Inteligente","publisher":{"@id":"https:\/\/tdibrasil.org\/#organization"},"potentialAction":[{"@type":"SearchAction","target":{"@type":"EntryPoint","urlTemplate":"https:\/\/tdibrasil.org\/?s={search_term_string}"},"query-input":"required name=search_term_string"}],"inLanguage":"pt-BR"},{"@type":"ImageObject","inLanguage":"pt-BR","@id":"https:\/\/tdibrasil.org\/#primaryimage","url":"https:\/\/tdibrasil.org\/wp-content\/uploads\/2020\/01\/obacer-1.jpg","contentUrl":"https:\/\/tdibrasil.org\/wp-content\/uploads\/2020\/01\/obacer-1.jpg","width":660,"height":410,"caption":"About Systema Naturae"},{"@type":"WebPage","@id":"https:\/\/tdibrasil.org\/#webpage","url":"https:\/\/tdibrasil.org\/","name":"Home &raquo; Portal TDI Brasil +","isPartOf":{"@id":"https:\/\/tdibrasil.org\/#website"},"primaryImageOfPage":{"@id":"https:\/\/tdibrasil.org\/#primaryimage"},"datePublished":"2015-10-10T17:26:02+00:00","dateModified":"2020-05-07T04:51:25+00:00","description":"O Portal TDI Brasil \u00e9 o primeiro portal sobre o Design Inteligente em l\u00edngua portuguesa. O Design Inteligente \u00e9 a proposi\u00e7\u00e3o de que certas caracter\u00edsticas do universo e dos seres vivos s\u00e3o melhor explicadas por uma causa inteligente, e n\u00e3o por processos acidentais,","breadcrumb":{"@id":"https:\/\/tdibrasil.org\/#breadcrumb"},"inLanguage":"pt-BR","potentialAction":[{"@type":"ReadAction","target":["https:\/\/tdibrasil.org\/"]}]},{"@type":"BreadcrumbList","@id":"https:\/\/tdibrasil.org\/#breadcrumb","itemListElement":[{"@type":"ListItem","position":1,"name":"In\u00edcio","item":"https:\/\/tdibrasil.org\/"},{"@type":"ListItem","position":2,"name":"Home"}]}]}},"_links":{"self":[{"href":"https:\/\/tdibrasil.org\/index.php\/wp-json\/wp\/v2\/pages\/6911"}],"collection":[{"href":"https:\/\/tdibrasil.org\/index.php\/wp-json\/wp\/v2\/pages"}],"about":[{"href":"https:\/\/tdibrasil.org\/index.php\/wp-json\/wp\/v2\/types\/page"}],"author":[{"embeddable":true,"href":"https:\/\/tdibrasil.org\/index.php\/wp-json\/wp\/v2\/users\/1"}],"replies":[{"embeddable":true,"href":"https:\/\/tdibrasil.org\/index.php\/wp-json\/wp\/v2\/comments?post=6911"}],"version-history":[{"count":1,"href":"https:\/\/tdibrasil.org\/index.php\/wp-json\/wp\/v2\/pages\/6911\/revisions"}],"predecessor-version":[{"id":7902,"href":"https:\/\/tdibrasil.org\/index.php\/wp-json\/wp\/v2\/pages\/6911\/revisions\/7902"}],"wp:featuredmedia":[{"embeddable":true,"href":"https:\/\/tdibrasil.org\/index.php\/wp-json\/wp\/v2\/media\/7133"}],"wp:attachment":[{"href":"https:\/\/tdibrasil.org\/index.php\/wp-json\/wp\/v2\/media?parent=6911"}],"curies":[{"name":"wp","href":"https:\/\/api.w.org\/{rel}","templated":true}]}}