{"id":5368,"date":"2019-02-19T15:48:15","date_gmt":"2019-02-19T18:48:15","guid":{"rendered":"http:\/\/tdibrasil.org\/?page_id=5368"},"modified":"2021-10-10T03:54:58","modified_gmt":"2021-10-10T06:54:58","slug":"diferencas-entre-evolucionismo-criacionismo-e-design-inteligente","status":"publish","type":"page","link":"https:\/\/tdibrasil.org\/index.php\/diferencas-entre-evolucionismo-criacionismo-e-design-inteligente\/","title":{"rendered":"Diferen\u00e7as entre Evolucionismo, Criacionismo e Design Inteligente"},"content":{"rendered":"<figure id=\"attachment_5565\" aria-describedby=\"caption-attachment-5565\" style=\"width: 1008px\" class=\"wp-caption aligncenter\"><img loading=\"lazy\" decoding=\"async\" class=\"size-full wp-image-5565\" src=\"https:\/\/tdibrasil.org\/wp-content\/uploads\/2019\/02\/ecd.jpg\" alt=\"Diferen\u00e7as Entre Evolucionismo, Criacionismo e Design Inteligente\" width=\"1008\" height=\"524\" \/><figcaption id=\"caption-attachment-5565\" class=\"wp-caption-text\"><center>Diferen\u00e7as entre Evolucionismo, Criacionismo e Design Inteligente \/ Imagens: VisualHunt<\/center><\/figcaption><\/figure>\n<hr \/>\n<p>Por <strong>J\u00fanior Eskelsen<\/strong><br \/>\n<div class=\"su-row\">\n<div class=\"su-column su-column-size-3-4\"><div class=\"su-column-inner su-u-clearfix su-u-trim\">\n<p style=\"text-align: justify;\">Frequentemente as pessoas perguntam: &#8220;mas qual a diferen\u00e7a entre Criacionismo e Design Inteligente?&#8221; As diferen\u00e7as s\u00e3o substanciais, especialmente por compromissos que perspectivas criacionistas geram com campos como a Geologia. Esta p\u00e1gina estar\u00e1 aberta a coment\u00e1rios e ser\u00e1 atualizada com mais pontos da contribui\u00e7\u00e3o dos visitantes do Portal TDI+.<\/p>\n<p><strong>Heterogeneidade entre Concep\u00e7\u00e3o e Teorias<\/strong><\/p>\n<p style=\"text-align: justify;\">Em primeiro lugar, o Design Inteligente \u00e9 uma teoria, Evolucionismo e Criacionismo s\u00e3o concep\u00e7\u00f5es (&#8220;modelos&#8221;) que permeiam interpreta\u00e7\u00e3o da natureza. Podemos dizer que s\u00e3o verdadeiras cosmogonias, tentativas de explicar todas as coisas. Por essa raz\u00e3o s\u00e3o inadequadas as tentativas de comensurar Design Inteligente e Criacionismo.<\/p>\n<p><strong>Diferen\u00e7as:<\/strong> (apenas t\u00f3picos espec\u00edficos)<\/p>\n<p style=\"text-align: justify;\">Enquanto o Design Inteligente \u00e9 uma teoria espec\u00edfica, Evolucionismo e Criacionismo produzem muitas teorias sobre v\u00e1rios aspectos da natureza. Para afunilar os tr\u00eas conceitos, <span style=\"color: #993300;\">a compara\u00e7\u00e3o se dar\u00e1 em t\u00f3picos mais comuns em debates e teorias relacionadas<\/span>. Assim, os t\u00f3picos ser\u00e3o sobre: as formas de vida e o ambiente terrestre que se relaciona com elas.<\/p>\n<p><strong>Defini\u00e7\u00f5es<\/strong><\/p>\n<p style=\"text-align: justify;\"><span style=\"color: #003300;\"><strong>Evolucionismo:<\/strong><\/span> N\u00e3o existe uma defini\u00e7\u00e3o para &#8220;evolucionismo&#8221;. O conceito \u00e9 considerado sem sentido entre os que s\u00e3o chamados &#8220;evolucionistas&#8221;, porque eles n\u00e3o percebem qualquer compromisso metaf\u00edsico. Podemos tomar ideia evolucionista como a de &#8220;mudan\u00e7as sucessivas, graduais e com certa uniformidade (regularidade)&#8221; para explicar as caracter\u00edsticas observadas na natureza.<\/p>\n<p><em>Existem v\u00e1rias vers\u00f5es de criacionismo, mas aqui tomaremos a dominante no Brasil.<\/em><\/p>\n<p style=\"text-align: justify;\"><strong><span style=\"color: #993300;\">Criacionismo:<\/span><\/strong> \u00e9 uma <a href=\"http:\/\/www.criacionismo.com.br\/p\/o-que-e-criacionismo.html\" target=\"_blank\" rel=\"noopener noreferrer\">estrutura (modelo conceitual)<\/a> que adota para o estudo da natureza <strong>a possibilidade da exist\u00eancia de um criador<\/strong>. A vida teria sido criada inicialmente complexa, completa e funcional, em <strong>tipos b\u00e1sicos<\/strong> de seres vivos dotados do aporte necess\u00e1rio para sofrer <strong>diversifica\u00e7\u00e3o limitada<\/strong> ao longo do tempo. Existem tr\u00eas principais ramifica\u00e7\u00f5es distintas dentro do criacionismo: a religiosa, a b\u00edblica e a cient\u00edfica.<\/p>\n<p style=\"text-align: justify;\"><strong><span style=\"color: #003366;\">Design Inteligente:<\/span><\/strong> a <a href=\"https:\/\/www.discovery.org\/v\/what-is-intelligent-design\/\" target=\"_blank\" rel=\"noopener noreferrer\">defini\u00e7\u00e3o oficial<\/a> diz &#8220;certas caracter\u00edsticas do universo e dos seres vivos s\u00e3o melhor explicadas por uma causa inteligente, e n\u00e3o por um processo n\u00e3o direcionado&#8221;. S\u00e3o os padr\u00f5es de design (melhores explicados por intelig\u00eancia).<\/p>\n<\/div><\/div>\n<div class=\"su-column su-column-size-1-4\"><div class=\"su-column-inner su-u-clearfix su-u-trim\">\n<table cellspacing=\"0\" cellpadding=\"0\">\n<tbody>\n<tr>\n<td align=\"center\"><strong>Abrang\u00eancia (campos)<\/strong><\/td>\n<\/tr>\n<tr>\n<td><img loading=\"lazy\" decoding=\"async\" class=\"aligncenter size-full wp-image-5571\" src=\"https:\/\/tdibrasil.org\/wp-content\/uploads\/2019\/02\/abrangecd.jpg\" alt=\"\" width=\"240\" height=\"196\" \/><\/td>\n<\/tr>\n<tr>\n<td align=\"center\"><strong>Concep\u00e7\u00e3o e Teorias<\/strong><\/td>\n<\/tr>\n<tr>\n<td align=\"center\"><img loading=\"lazy\" decoding=\"async\" class=\"aligncenter size-full wp-image-5576\" src=\"https:\/\/tdibrasil.org\/wp-content\/uploads\/2019\/02\/water-plant-green-fine-layers-abstract.jpg\" alt=\"\" width=\"308\" height=\"288\" \/><\/td>\n<\/tr>\n<tr>\n<td align=\"center\"><strong>Padr\u00f5es independentes<\/strong><\/td>\n<\/tr>\n<tr>\n<td align=\"center\"><img loading=\"lazy\" decoding=\"async\" class=\"size-full wp-image-5570\" src=\"https:\/\/tdibrasil.org\/wp-content\/uploads\/2019\/02\/finelayers.jpg\" alt=\"\" width=\"224\" height=\"240\" \/><\/td>\n<\/tr>\n<\/tbody>\n<\/table>\n<\/div><\/div>\n<\/div>\n<div style=\"overflow-x: auto;\">\n<table class=\"tab\" cellspacing=\"0\" cellpadding=\"0\">\n<tbody>\n<tr>\n<td colspan=\"5\" align=\"center\"><strong>Diferen\u00e7as: Vida e Ambiente Terrestre<\/strong><\/td>\n<\/tr>\n<tr>\n<td align=\"center\"><\/td>\n<td align=\"center\"><\/td>\n<td align=\"center\"><\/td>\n<td align=\"center\"><\/td>\n<\/tr>\n<tr>\n<td align=\"center\"><strong>T\u00f3pico<\/strong><\/td>\n<td align=\"center\"><strong>Evolucionismo<\/strong><\/td>\n<td align=\"center\"><strong>Criacionismo<\/strong><\/td>\n<td align=\"center\"><strong>Design Inteligente (teoria)<\/strong><\/td>\n<\/tr>\n<tr>\n<td align=\"center\"><strong>Estratigrafia (camadas de rochas)<\/strong><\/td>\n<td align=\"center\">Uniformitarismo: sedimenta\u00e7\u00e3o por longos per\u00edodos (cedendo ao <em>neocatastrofismo<\/em> recentemente).<\/td>\n<td align=\"center\">Catastrofismo: sedimenta\u00e7\u00e3o r\u00e1pida (local ou global, conforme camada).<\/td>\n<td align=\"center\"><span style=\"color: #808080;\"><em>Indiferente.<\/em><\/span><\/td>\n<\/tr>\n<tr>\n<td align=\"center\"><strong>Tafonomia<\/strong><\/td>\n<td align=\"center\">Fossiliza\u00e7\u00e3o em condi\u00e7\u00f5es peculiares, por isso registro f\u00f3ssil incompleto.<\/td>\n<td align=\"center\">Sepultamento s\u00fabito das faunas e floras, fossiliza\u00e7\u00e3o com repeti\u00e7\u00e3o nas camadas e atrav\u00e9s delas (estase morfol\u00f3gico).<\/td>\n<td align=\"center\"><span style=\"color: #808080;\"><em>Indiferente.<\/em><\/span><\/td>\n<\/tr>\n<tr>\n<td align=\"center\"><strong>Biologia (teoria)<\/strong><\/td>\n<td align=\"center\">S\u00edntese evolutiva moderna (Neodarwinismo).<\/td>\n<td align=\"center\">Biologia dos tipos b\u00e1sicos (Baramins) e Entropia Gen\u00e9tica.<\/td>\n<td align=\"center\">Independente\u00b9 ou Ortog\u00eanica (ancestralidade, restrita ou universal, guiada)\u00b2.<\/td>\n<\/tr>\n<tr>\n<td align=\"center\"><strong>Sistema Natural<\/strong><\/td>\n<td align=\"center\">Ancestralidade Universal Comum.<\/td>\n<td align=\"center\">Descontinuidade Sistem\u00e1tica.<\/td>\n<td align=\"center\"><em>Heterog\u00eaneo (Descrito recentemente por uma hip\u00f3tese de <a href=\"https:\/\/tdibrasil.org\/index.php\/tag\/grafico-de-dependencia\/\" target=\"_blank\" rel=\"noopener noreferrer\">gr\u00e1fico de depend\u00eancia<\/a>).<\/em><\/td>\n<\/tr>\n<tr>\n<td align=\"center\"><strong>Arqueologia<\/strong><\/td>\n<td align=\"center\">Evolu\u00e7\u00e3o humana.<\/td>\n<td align=\"center\">Desenvolvimento humano.<\/td>\n<td align=\"center\"><span style=\"color: #808080;\"><em>Indiferente.<\/em><\/span><\/td>\n<\/tr>\n<tr>\n<td align=\"center\"><strong>Paleontologia<\/strong><\/td>\n<td align=\"center\">Princ\u00edpio de Sucess\u00e3o Faun\u00edstico por ordem cronol\u00f3gica evolutiva.<\/td>\n<td align=\"center\">Princ\u00edpio de separa\u00e7\u00e3o e estratifica\u00e7\u00e3o de f\u00f3sseis e materiais sedimentares.\u00b3<\/td>\n<td align=\"center\">Se importa com o aspecto de infus\u00e3o abrupta de grandes quantidades de informa\u00e7\u00e3o, independente da ordem.<\/td>\n<\/tr>\n<tr>\n<td align=\"center\"><strong>Origem da Vida Terrestre<\/strong><\/td>\n<td align=\"center\"><span style=\"color: #808080;\"><em>Indiferente.<\/em><\/span><\/td>\n<td align=\"center\">Um evento singular.<\/td>\n<td align=\"center \"><span style=\"color: #808080;\"><em>Indiferente.<\/em><\/span><\/td>\n<\/tr>\n<tr>\n<td align=\"center\"><strong>Idade da Vida Terrestre<\/strong><\/td>\n<td align=\"center\">Aproximadamente 3,8 bilh\u00f5es de anos.\u2074<\/td>\n<td align=\"center\">Algumas perspectivas suportam os bilh\u00f5es de anos da paleontologia, outras afirmam n\u00e3o mais que dezenas de milhares de anos.<\/td>\n<td align=\"center\"><span style=\"color: #808080;\"><em>Indiferente.<\/em><\/span><\/td>\n<\/tr>\n<tr>\n<td align=\"center\"><strong>Informa\u00e7\u00e3o Biol\u00f3gica<\/strong><\/td>\n<td align=\"center\">Acidental.<\/td>\n<td align=\"center\">Intencional.<\/td>\n<td align=\"center\">Intencional.<\/td>\n<\/tr>\n<tr>\n<td align=\"center\"><strong>Tra\u00e7o peculiar<\/strong><\/td>\n<td align=\"center\">Diversifica\u00e7\u00e3o das formas de vida indefinidamente.<\/td>\n<td align=\"center\">Deus como causa principal.<\/td>\n<td align=\"center\">Distin\u00e7\u00e3o dos padr\u00f5es de design.<\/td>\n<\/tr>\n<tr>\n<td colspan=\"4\"><\/td>\n<\/tr>\n<tr>\n<td colspan=\"4\"><em>\u00b9 Algumas formas de vidas instanciadas na biosfera.<\/em><\/td>\n<\/tr>\n<tr>\n<td colspan=\"4\"><em>\u00b2 Apesar desse &#8220;direcionamento&#8221;, uma tend\u00eancia forte \u00e0 &#8220;<strong>desevolu\u00e7\u00e3o<\/strong>&#8221; foi encontrada na busca pelos &#8220;limites da evolu\u00e7\u00e3o&#8221; (converge com a Entropia Gen\u00e9tica criacionista). [<a href=\"https:\/\/tdibrasil.org\/index.php\/2019\/02\/14\/o-limite-da-evolucao-porque-o-mecanismo-darwiniano-e-autolimitante\/\" target=\"_blank\" rel=\"noopener noreferrer\">1<\/a>][<a href=\"https:\/\/tdibrasil.org\/index.php\/2019\/02\/14\/uma-inferencia-fundamental-do-limite-da-evolucao-foi-confirmada-agora-experimentalmente\/\" target=\"_blank\" rel=\"noopener noreferrer\">2<\/a>]<\/em><\/td>\n<\/tr>\n<tr>\n<td colspan=\"4\"><em><em>\u00b3 Princ\u00edpio de separa\u00e7\u00e3o e estratifica\u00e7\u00e3o autom\u00e1tica (Berthaut) de f\u00f3sseis e materiais sedimentares erodidos e transportados em cat\u00e1strofe associado a flutuabilidade diferenciada de corpos (Brand), ambiente geogr\u00e1fico, mobilidade e capacidade de sobreviv\u00eancia. (Contribui\u00e7\u00e3o: Sodr\u00e9 Neto)<\/em><\/em><\/td>\n<\/tr>\n<tr>\n<td colspan=\"4\"><em>\u2074 Sem maior certeza, 4.1 bilh\u00f5es de anos. [<a href=\"https:\/\/www.pnas.org\/content\/pnas\/early\/2015\/10\/14\/1517557112.full.pdf\" target=\"_blank\" rel=\"noopener noreferrer\">3<\/a>]<\/em><\/td>\n<\/tr>\n<\/tbody>\n<\/table>\n<\/div>\n<hr \/>\n","protected":false},"excerpt":{"rendered":"<div class=\"mh-excerpt\"><p>Por J\u00fanior Eskelsen Diferen\u00e7as: Vida e Ambiente Terrestre T\u00f3pico Evolucionismo Criacionismo Design Inteligente (teoria) Estratigrafia (camadas de rochas) Uniformitarismo: sedimenta\u00e7\u00e3o por longos per\u00edodos (cedendo ao <a class=\"mh-excerpt-more\" href=\"https:\/\/tdibrasil.org\/index.php\/diferencas-entre-evolucionismo-criacionismo-e-design-inteligente\/\" title=\"Diferen\u00e7as entre Evolucionismo, Criacionismo e Design Inteligente\">[&#8230;]<\/a><\/p>\n<\/div>","protected":false},"author":1,"featured_media":5565,"parent":0,"menu_order":0,"comment_status":"open","ping_status":"open","template":"template-full.php","meta":{"footnotes":""},"class_list":["post-5368","page","type-page","status-publish","has-post-thumbnail","hentry"],"yoast_head":"<!-- This site is optimized with the Yoast SEO plugin v18.9 - https:\/\/yoast.com\/wordpress\/plugins\/seo\/ -->\n<title>Diferen\u00e7as entre Evolucionismo, Criacionismo e Design Inteligente &raquo; Portal TDI Brasil +<\/title>\n<meta name=\"robots\" content=\"index, follow, max-snippet:-1, max-image-preview:large, max-video-preview:-1\" \/>\n<link rel=\"canonical\" href=\"https:\/\/tdibrasil.org\/index.php\/diferencas-entre-evolucionismo-criacionismo-e-design-inteligente\/\" \/>\n<meta property=\"og:locale\" content=\"pt_BR\" \/>\n<meta property=\"og:type\" content=\"article\" \/>\n<meta property=\"og:title\" content=\"Diferen\u00e7as entre Evolucionismo, Criacionismo e Design Inteligente &raquo; Portal TDI Brasil +\" \/>\n<meta property=\"og:description\" content=\"Por J\u00fanior Eskelsen Diferen\u00e7as: Vida e Ambiente Terrestre T\u00f3pico Evolucionismo Criacionismo Design Inteligente (teoria) Estratigrafia (camadas de rochas) Uniformitarismo: sedimenta\u00e7\u00e3o por longos per\u00edodos (cedendo ao [...]\" \/>\n<meta property=\"og:url\" content=\"https:\/\/tdibrasil.org\/index.php\/diferencas-entre-evolucionismo-criacionismo-e-design-inteligente\/\" \/>\n<meta property=\"og:site_name\" content=\"Portal TDI Brasil +\" \/>\n<meta property=\"article:publisher\" content=\"https:\/\/www.facebook.com\/TeoriadoDesignInteligente\/\" \/>\n<meta property=\"article:modified_time\" content=\"2021-10-10T06:54:58+00:00\" \/>\n<meta property=\"og:image\" content=\"https:\/\/tdibrasil.org\/wp-content\/uploads\/2019\/02\/ecd-1.jpg\" \/>\n\t<meta property=\"og:image:width\" content=\"1008\" \/>\n\t<meta property=\"og:image:height\" content=\"524\" \/>\n\t<meta property=\"og:image:type\" content=\"image\/jpeg\" \/>\n<meta name=\"twitter:card\" content=\"summary_large_image\" \/>\n<meta name=\"twitter:label1\" content=\"Est. tempo de leitura\" \/>\n\t<meta name=\"twitter:data1\" content=\"4 minutos\" \/>\n<script type=\"application\/ld+json\" class=\"yoast-schema-graph\">{\"@context\":\"https:\/\/schema.org\",\"@graph\":[{\"@type\":\"Organization\",\"@id\":\"https:\/\/tdibrasil.org\/#organization\",\"name\":\"TDI Brasil +\",\"url\":\"https:\/\/tdibrasil.org\/\",\"sameAs\":[\"https:\/\/www.facebook.com\/TeoriadoDesignInteligente\/\"],\"logo\":{\"@type\":\"ImageObject\",\"inLanguage\":\"pt-BR\",\"@id\":\"https:\/\/tdibrasil.org\/#\/schema\/logo\/image\/\",\"url\":\"https:\/\/tdibrasil.org\/wp-content\/uploads\/2020\/05\/whats.jpg\",\"contentUrl\":\"https:\/\/tdibrasil.org\/wp-content\/uploads\/2020\/05\/whats.jpg\",\"width\":512,\"height\":512,\"caption\":\"TDI Brasil +\"},\"image\":{\"@id\":\"https:\/\/tdibrasil.org\/#\/schema\/logo\/image\/\"}},{\"@type\":\"WebSite\",\"@id\":\"https:\/\/tdibrasil.org\/#website\",\"url\":\"https:\/\/tdibrasil.org\/\",\"name\":\"Portal TDI Brasil +\",\"description\":\"Teoria do Design Inteligente\",\"publisher\":{\"@id\":\"https:\/\/tdibrasil.org\/#organization\"},\"potentialAction\":[{\"@type\":\"SearchAction\",\"target\":{\"@type\":\"EntryPoint\",\"urlTemplate\":\"https:\/\/tdibrasil.org\/?s={search_term_string}\"},\"query-input\":\"required name=search_term_string\"}],\"inLanguage\":\"pt-BR\"},{\"@type\":\"ImageObject\",\"inLanguage\":\"pt-BR\",\"@id\":\"https:\/\/tdibrasil.org\/index.php\/diferencas-entre-evolucionismo-criacionismo-e-design-inteligente\/#primaryimage\",\"url\":\"https:\/\/tdibrasil.org\/wp-content\/uploads\/2019\/02\/ecd-1.jpg\",\"contentUrl\":\"https:\/\/tdibrasil.org\/wp-content\/uploads\/2019\/02\/ecd-1.jpg\",\"width\":1008,\"height\":524,\"caption\":\"Diferen\u00e7as Entre Evolucionismo, Criacionismo e Design Inteligente\"},{\"@type\":\"WebPage\",\"@id\":\"https:\/\/tdibrasil.org\/index.php\/diferencas-entre-evolucionismo-criacionismo-e-design-inteligente\/#webpage\",\"url\":\"https:\/\/tdibrasil.org\/index.php\/diferencas-entre-evolucionismo-criacionismo-e-design-inteligente\/\",\"name\":\"Diferen\u00e7as entre Evolucionismo, Criacionismo e Design Inteligente &raquo; Portal TDI Brasil +\",\"isPartOf\":{\"@id\":\"https:\/\/tdibrasil.org\/#website\"},\"primaryImageOfPage\":{\"@id\":\"https:\/\/tdibrasil.org\/index.php\/diferencas-entre-evolucionismo-criacionismo-e-design-inteligente\/#primaryimage\"},\"datePublished\":\"2019-02-19T18:48:15+00:00\",\"dateModified\":\"2021-10-10T06:54:58+00:00\",\"breadcrumb\":{\"@id\":\"https:\/\/tdibrasil.org\/index.php\/diferencas-entre-evolucionismo-criacionismo-e-design-inteligente\/#breadcrumb\"},\"inLanguage\":\"pt-BR\",\"potentialAction\":[{\"@type\":\"ReadAction\",\"target\":[\"https:\/\/tdibrasil.org\/index.php\/diferencas-entre-evolucionismo-criacionismo-e-design-inteligente\/\"]}]},{\"@type\":\"BreadcrumbList\",\"@id\":\"https:\/\/tdibrasil.org\/index.php\/diferencas-entre-evolucionismo-criacionismo-e-design-inteligente\/#breadcrumb\",\"itemListElement\":[{\"@type\":\"ListItem\",\"position\":1,\"name\":\"In\u00edcio\",\"item\":\"https:\/\/tdibrasil.org\/\"},{\"@type\":\"ListItem\",\"position\":2,\"name\":\"Diferen\u00e7as entre Evolucionismo, Criacionismo e Design Inteligente\"}]}]}<\/script>\n<!-- \/ Yoast SEO plugin. -->","yoast_head_json":{"title":"Diferen\u00e7as entre Evolucionismo, Criacionismo e Design Inteligente &raquo; Portal TDI Brasil +","robots":{"index":"index","follow":"follow","max-snippet":"max-snippet:-1","max-image-preview":"max-image-preview:large","max-video-preview":"max-video-preview:-1"},"canonical":"https:\/\/tdibrasil.org\/index.php\/diferencas-entre-evolucionismo-criacionismo-e-design-inteligente\/","og_locale":"pt_BR","og_type":"article","og_title":"Diferen\u00e7as entre Evolucionismo, Criacionismo e Design Inteligente &raquo; Portal TDI Brasil +","og_description":"Por J\u00fanior Eskelsen Diferen\u00e7as: Vida e Ambiente Terrestre T\u00f3pico Evolucionismo Criacionismo Design Inteligente (teoria) Estratigrafia (camadas de rochas) Uniformitarismo: sedimenta\u00e7\u00e3o por longos per\u00edodos (cedendo ao [...]","og_url":"https:\/\/tdibrasil.org\/index.php\/diferencas-entre-evolucionismo-criacionismo-e-design-inteligente\/","og_site_name":"Portal TDI Brasil +","article_publisher":"https:\/\/www.facebook.com\/TeoriadoDesignInteligente\/","article_modified_time":"2021-10-10T06:54:58+00:00","og_image":[{"width":1008,"height":524,"url":"https:\/\/tdibrasil.org\/wp-content\/uploads\/2019\/02\/ecd-1.jpg","type":"image\/jpeg"}],"twitter_card":"summary_large_image","twitter_misc":{"Est. tempo de leitura":"4 minutos"},"schema":{"@context":"https:\/\/schema.org","@graph":[{"@type":"Organization","@id":"https:\/\/tdibrasil.org\/#organization","name":"TDI Brasil +","url":"https:\/\/tdibrasil.org\/","sameAs":["https:\/\/www.facebook.com\/TeoriadoDesignInteligente\/"],"logo":{"@type":"ImageObject","inLanguage":"pt-BR","@id":"https:\/\/tdibrasil.org\/#\/schema\/logo\/image\/","url":"https:\/\/tdibrasil.org\/wp-content\/uploads\/2020\/05\/whats.jpg","contentUrl":"https:\/\/tdibrasil.org\/wp-content\/uploads\/2020\/05\/whats.jpg","width":512,"height":512,"caption":"TDI Brasil +"},"image":{"@id":"https:\/\/tdibrasil.org\/#\/schema\/logo\/image\/"}},{"@type":"WebSite","@id":"https:\/\/tdibrasil.org\/#website","url":"https:\/\/tdibrasil.org\/","name":"Portal TDI Brasil +","description":"Teoria do Design Inteligente","publisher":{"@id":"https:\/\/tdibrasil.org\/#organization"},"potentialAction":[{"@type":"SearchAction","target":{"@type":"EntryPoint","urlTemplate":"https:\/\/tdibrasil.org\/?s={search_term_string}"},"query-input":"required name=search_term_string"}],"inLanguage":"pt-BR"},{"@type":"ImageObject","inLanguage":"pt-BR","@id":"https:\/\/tdibrasil.org\/index.php\/diferencas-entre-evolucionismo-criacionismo-e-design-inteligente\/#primaryimage","url":"https:\/\/tdibrasil.org\/wp-content\/uploads\/2019\/02\/ecd-1.jpg","contentUrl":"https:\/\/tdibrasil.org\/wp-content\/uploads\/2019\/02\/ecd-1.jpg","width":1008,"height":524,"caption":"Diferen\u00e7as Entre Evolucionismo, Criacionismo e Design Inteligente"},{"@type":"WebPage","@id":"https:\/\/tdibrasil.org\/index.php\/diferencas-entre-evolucionismo-criacionismo-e-design-inteligente\/#webpage","url":"https:\/\/tdibrasil.org\/index.php\/diferencas-entre-evolucionismo-criacionismo-e-design-inteligente\/","name":"Diferen\u00e7as entre Evolucionismo, Criacionismo e Design Inteligente &raquo; Portal TDI Brasil +","isPartOf":{"@id":"https:\/\/tdibrasil.org\/#website"},"primaryImageOfPage":{"@id":"https:\/\/tdibrasil.org\/index.php\/diferencas-entre-evolucionismo-criacionismo-e-design-inteligente\/#primaryimage"},"datePublished":"2019-02-19T18:48:15+00:00","dateModified":"2021-10-10T06:54:58+00:00","breadcrumb":{"@id":"https:\/\/tdibrasil.org\/index.php\/diferencas-entre-evolucionismo-criacionismo-e-design-inteligente\/#breadcrumb"},"inLanguage":"pt-BR","potentialAction":[{"@type":"ReadAction","target":["https:\/\/tdibrasil.org\/index.php\/diferencas-entre-evolucionismo-criacionismo-e-design-inteligente\/"]}]},{"@type":"BreadcrumbList","@id":"https:\/\/tdibrasil.org\/index.php\/diferencas-entre-evolucionismo-criacionismo-e-design-inteligente\/#breadcrumb","itemListElement":[{"@type":"ListItem","position":1,"name":"In\u00edcio","item":"https:\/\/tdibrasil.org\/"},{"@type":"ListItem","position":2,"name":"Diferen\u00e7as entre Evolucionismo, Criacionismo e Design Inteligente"}]}]}},"_links":{"self":[{"href":"https:\/\/tdibrasil.org\/index.php\/wp-json\/wp\/v2\/pages\/5368"}],"collection":[{"href":"https:\/\/tdibrasil.org\/index.php\/wp-json\/wp\/v2\/pages"}],"about":[{"href":"https:\/\/tdibrasil.org\/index.php\/wp-json\/wp\/v2\/types\/page"}],"author":[{"embeddable":true,"href":"https:\/\/tdibrasil.org\/index.php\/wp-json\/wp\/v2\/users\/1"}],"replies":[{"embeddable":true,"href":"https:\/\/tdibrasil.org\/index.php\/wp-json\/wp\/v2\/comments?post=5368"}],"version-history":[{"count":3,"href":"https:\/\/tdibrasil.org\/index.php\/wp-json\/wp\/v2\/pages\/5368\/revisions"}],"predecessor-version":[{"id":9889,"href":"https:\/\/tdibrasil.org\/index.php\/wp-json\/wp\/v2\/pages\/5368\/revisions\/9889"}],"wp:featuredmedia":[{"embeddable":true,"href":"https:\/\/tdibrasil.org\/index.php\/wp-json\/wp\/v2\/media\/5565"}],"wp:attachment":[{"href":"https:\/\/tdibrasil.org\/index.php\/wp-json\/wp\/v2\/media?parent=5368"}],"curies":[{"name":"wp","href":"https:\/\/api.w.org\/{rel}","templated":true}]}}