{"id":4463,"date":"2018-08-19T18:19:42","date_gmt":"2018-08-19T21:19:42","guid":{"rendered":"http:\/\/tdibrasil.org\/?page_id=4463"},"modified":"2021-10-10T03:55:04","modified_gmt":"2021-10-10T06:55:04","slug":"editores","status":"publish","type":"page","link":"https:\/\/tdibrasil.org\/index.php\/editores\/","title":{"rendered":"Editores"},"content":{"rendered":"<p><a name=\"sum\"><\/a><br \/>\n<span style=\"color: #333333;\"><strong>[Favor n\u00e3o editar]<\/strong><\/span><\/p>\n<hr \/>\n<p>&nbsp;<\/p>\n<p style=\"text-align: left;\"><strong>Sum\u00e1rio<\/strong><\/p>\n<ol>\n<ol>\n<li><strong><span style=\"color: #666699;\"><a style=\"color: #666699; text-decoration: none;\" href=\"#texto\">Texto<\/a><\/span><\/strong><\/li>\n<li><strong><span style=\"color: #666699;\"><a style=\"color: #666699; text-decoration: none;\" href=\"#imagem\">Imagem<\/a><\/span><\/strong><\/li>\n<li><strong><span style=\"color: #666699;\"><a style=\"color: #666699; text-decoration: none;\" href=\"#cita\">Cita\u00e7\u00f5es<\/a><\/span><\/strong><\/li>\n<li><strong><span style=\"color: #666699;\"><a style=\"color: #666699; text-decoration: none;\" href=\"#ref\">Refer\u00eancias<\/a><\/span><\/strong><\/li>\n<li><strong><span style=\"color: #666699;\"><a style=\"color: #666699; text-decoration: none;\" href=\"#ava\">Estilos e codifica\u00e7\u00f5es<\/a><\/span><\/strong><\/li>\n<li><strong><span style=\"color: #666699;\"><a style=\"color: #666699; text-decoration: none;\" href=\"#autor\">Links internos<\/a><\/span><\/strong><\/li>\n<\/ol>\n<\/ol>\n<p>&nbsp;<\/p>\n<p style=\"text-align: justify;\">Esta \u00e9 uma p\u00e1gina modelo. Ela pode conter essa linha acima para separar os detalhes de t\u00edtulo e dados do conte\u00fado opcionalmente.<\/p>\n<p><a name=\"texto\"><\/a><!-- Veja que a \u00e2ncora foi colocada um par\u00e1grafo acima da posi\u00e7\u00e3o necess\u00e1ria. Isso varia. Ajeite usando Visualizar. --><\/p>\n<p style=\"text-align: justify;\">O ideal \u00e9 que esta p\u00e1gina esteja aberta em outras duas guias, uma com o c\u00f3digo e outra com a visualiza\u00e7\u00e3o do resultado do c\u00f3digo para servir de orienta\u00e7\u00e3o durante a constru\u00e7\u00e3o textual. Mais informa\u00e7\u00f5es est\u00e3o em coment\u00e1rios do modo de edi\u00e7\u00e3o <strong>Texto<\/strong> n\u00e3o vis\u00edveis no modo <strong>Visual<\/strong>.<\/p>\n<p style=\"text-align: justify;\"><strong>1. Texto<\/strong> <a style=\"color: #666699; text-decoration: none;\" href=\"#sum\">[Sum\u00e1rio]<\/a><\/p>\n<p style=\"text-align: justify;\">Observe que esse texto assim como os outros s\u00e3o &#8220;justificados&#8221;, isso \u00e9, eles s\u00e3o alinhados nos dois lados. Esse \u00e9 um requisito n\u00e3o utilizado na maioria dos blogs e redes sociais mas amplamente empregado na produ\u00e7\u00e3o liter\u00e1ria. A justifica\u00e7\u00e3o \u00e9 uma das formata\u00e7\u00f5es do modo visual de edi\u00e7\u00e3o.<\/p>\n<p style=\"text-align: justify;\">N\u00e3o \u00e9 recomendado tingir os textos com v\u00e1rias cores ou utilizar negrito em excesso uma vez que ser\u00e1 utilizado em subt\u00edtulos das se\u00e7\u00f5es do texto. O uso de letras garrafais, ou seja, CAPS LOCK tamb\u00e9m \u00e9 desincentivado<a name=\"imagem\"><\/a><!-- Veja que nesse caso a \u00e2ncora foi colocada no meio do par\u00e1grafo acima da posi\u00e7\u00e3o necess\u00e1ria.--> . O excesso tamb\u00e9m compromete o aspecto est\u00e9tico e transparece uma \u00e2nsia de demonstrar a ideia mais por uma reatividade emocional do que pela raz\u00e3o.<\/p>\n<p><strong>2. Imagem<\/strong> <a style=\"color: #666699; text-decoration: none;\" href=\"#sum\">[Sum\u00e1rio]<\/a><\/p>\n<p>Com as seguintes especifica\u00e7\u00f5es:<\/p>\n<p><strong>1) Imagem de destaque.<\/strong><br \/>\n&#8211; Deve ter a propor\u00e7\u00e3o <strong>660&#215;410<span style=\"color: #800000;\">\u00a0<\/span><\/strong>(dimens\u00e3o do conte\u00fado).<a name=\"cita\"><\/a><br \/>\n&#8211; Essa imagem em destaque deve ser inserida novamente no in\u00edcio do artigo com legenda.<\/p>\n<p>O valor exato em altura que a imagem deve ter de acordo com a largura:<br \/>\n<iframe loading=\"lazy\" style=\"border: 1px solid lightgrey;\" src=\"https:\/\/tdibrasil.org\/office\/algs\/img\/img.html\" width=\"95%\" height=\"140px\" scrolling=\"no\"><\/iframe><\/p>\n<p style=\"text-align: justify;\"><strong>2) Nome curto e sem espa\u00e7os.<\/strong><br \/>\nEx: <span style=\"color: #666699;\">trextissuecells.jpg<\/span> ou <span style=\"color: #666699;\">trex_tissue_cells.jpg<\/span><br \/>\nObs: Quanto menor o nome, mais pr\u00e1tico.<\/p>\n<p><strong>3. Cita\u00e7\u00e3o<\/strong> <a style=\"color: #666699; text-decoration: none;\" href=\"#sum\">[Sum\u00e1rio]<\/a><\/p>\n<p style=\"text-align: justify;\">As cita\u00e7\u00f5es s\u00e3o feitas com o b-quote, modo de texto, ou Bloco de Cita\u00e7\u00e3o, representado por uma aspa no modo visual. As cita\u00e7\u00f5es devem ser justificadas tamb\u00e9m.<\/p>\n<p><a name=\"ref\"><\/a><\/p>\n<blockquote>\n<p style=\"text-align: justify;\">Texto.<\/p>\n<\/blockquote>\n<p style=\"text-align: justify;\"><strong>Observa\u00e7\u00e3o:<\/strong> os links devem abrir em nova aba, para isso deve-se marcar\u00a0o box\u00a0<em>Abrir link em uma nova janela\/aba<\/em>. Isso \u00e9 mais f\u00e1cil na edi\u00e7\u00e3o modo texto.<\/p>\n<p><strong>4. Refer\u00eancias<\/strong> <a style=\"color: #666699; text-decoration: none;\" href=\"#sum\">[Sum\u00e1rio]<\/a><\/p>\n<p style=\"text-align: justify;\">As refer\u00eancias n\u00e3o devem ser justificadas. Modelo de refer\u00eancia abaixo ap\u00f3s linha horizontal.<\/p>\n<hr \/>\n<p><strong>Refer\u00eancias:<\/strong><br \/>\n[1] <strong>R\u00e9plica ing\u00eanua, desatualizada e p\u00edfia.<\/strong>\u00a0En\u00e9zio E. de Almeida . 2014.<br \/>\n<a href=\"https:\/\/observatoriodaimprensa.com.br\/mosaico\/_ed841_replica_ingenua_desatualizada_e_pifia\/\" target=\"_blank\" rel=\"noopener noreferrer\">http:\/\/observatoriodaimprensa.com.br\/mosaico\/_ed841_replica_ingenua_desatualizada_e_pifia\/<\/a><\/p>\n[2] <strong>Di\u00e1logo.<\/strong> Marcus Val\u00e9rio XR e Dra M\u00e1rcia Oliveira de Paula. 2001.<br \/>\n<a href=\"http:\/\/www.evo.bio.br\/layout\/drmarcia3.html\" target=\"_blank\" rel=\"noopener noreferrer\">http:\/\/www.evo.bio.br\/layout\/drmarcia3.html<\/a><\/p>\n<p><a name=\"ava\"><\/a><\/p>\n[3] <strong>O &#8220;design&#8221; ontol\u00f3gico.<\/strong> H\u00e9lio Schwartsman. 12\/04\/2001<br \/>\n<a href=\"https:\/\/www1.folha.uol.com.br\/folha\/pensata\/helioschwartsman\/ult510u356318.shtml\" target=\"_blank\" rel=\"noopener noreferrer\">http:\/\/www1.folha.uol.com.br\/folha\/pensata\/helioschwartsman\/ult510u356318.shtml<\/a><\/p>\n<p style=\"text-align: center;\">Avan\u00e7ado<\/p>\n<p><strong>5. Estilos e codifica\u00e7\u00f5es<\/strong> <a style=\"color: #666699; text-decoration: none;\" href=\"#sum\">[Sum\u00e1rio]<\/a><\/p>\n<hr \/>\n<p style=\"text-align: justify;\">Os administradores podem alterar as estruturas e tema do site. A codifica\u00e7\u00e3o em <strong>CSS<\/strong> do arquivo \u00e9 cheia de sobreposi\u00e7\u00f5es e emaranhados, ent\u00e3o \u00e9 bom marcar com \/* coment\u00e1rios *\/ as altera\u00e7\u00f5es em valores e c\u00f3digo. O <strong>PHP<\/strong> est\u00e1 ativado na forma de escrita HTML, isso permite p\u00e1ginas din\u00e2micas com requisi\u00e7\u00f5es <strong>XMLHttpRequest<\/strong>\u00a0<a name=\"autor\"><\/a>.<\/p>\n<hr \/>\n<p><strong>6. Links internos<\/strong> (funcionam por A \u2192\u00a0B) <a style=\"color: #666699; text-decoration: none;\" href=\"#sum\">[Sum\u00e1rio]<\/a><\/p>\n<p>A &#8211; \u00c2ncora<\/p>\n<p style=\"padding-left: 30px;\"><span style=\"color: #808080;\">&lt;a name=&#8221;se\u00e7\u00e3odotexto&#8221;&gt;&lt;\/a&gt; ou coloque <span style=\"color: #333399;\">id=&#8221;se\u00e7\u00e3odotexto&#8221;<\/span> dentro da tag do subt\u00edtulo que inicia a se\u00e7\u00e3o, ex: &lt;h3 <strong><span style=\"color: #333399;\">id=&#8221;ref&#8221;<\/span><\/strong>&gt;Refer\u00eancias&lt;\/h3&gt;<\/span><\/p>\n<p style=\"text-align: justify;\">\u00c9 a parte invis\u00edvel. Deve ser colocada um pouco acima do local de destino no modo de edi\u00e7\u00e3o por <strong>html<\/strong> . \u00c9 \u00fanico.<\/p>\n<p>B &#8211; O link propriamente dito<\/p>\n<p style=\"padding-left: 30px;\"><span style=\"color: #808080;\">&lt;a href=&#8221;#se\u00e7\u00e3odotexto&#8221;&gt;Se\u00e7\u00e3o do texto&lt;\/a&gt;<\/span><\/p>\n<p style=\"text-align: justify;\">Pode ficar em qualquer lugar, sum\u00e1rio, refer\u00eancias e tamb\u00e9m pode ser utilizado v\u00e1rias vezes como usei no <strong>Links internos<\/strong>, para voltar aqui, ou seja, tanto no sum\u00e1rio quanto nas refer\u00eancias.<\/p>\n<p style=\"text-align: justify;\">\u00c9 poss\u00edvel fazer, com algum trabalho, links de ida e volta texto-refer\u00eancias-texto utilizando link-\u00e2ncora-link, \u00e9 o que eu fiz com o caso <strong>Links internos<\/strong> para voltar nesta regi\u00e3o da p\u00e1gina gerada.<\/p>\n<p><a name=\"esp\"><\/a><\/p>\n[a]\u00a0<a href=\"#texto\">Ir para a se\u00e7\u00e3o Texto<\/a><br \/>\n[b] <a href=\"#imagem\">Ir para a se\u00e7\u00e3o Imagem<\/a><br \/>\n[c] <a href=\"#cita\">Ir para a se\u00e7\u00e3o Cita\u00e7\u00f5es<\/a><\/p>\n<p style=\"text-align: center;\"><a style=\"color: #666699; text-decoration: none;\" href=\"#sum\">[Sum\u00e1rio]<\/a><\/p>\n","protected":false},"excerpt":{"rendered":"<div class=\"mh-excerpt\"><p>[Favor n\u00e3o editar] &nbsp; Sum\u00e1rio Texto Imagem Cita\u00e7\u00f5es Refer\u00eancias Estilos e codifica\u00e7\u00f5es Links internos &nbsp; Esta \u00e9 uma p\u00e1gina modelo. Ela pode conter essa linha <a class=\"mh-excerpt-more\" href=\"https:\/\/tdibrasil.org\/index.php\/editores\/\" title=\"Editores\">[&#8230;]<\/a><\/p>\n<\/div>","protected":false},"author":1,"featured_media":0,"parent":0,"menu_order":0,"comment_status":"closed","ping_status":"closed","template":"","meta":{"footnotes":""},"class_list":["post-4463","page","type-page","status-publish","hentry"],"yoast_head":"<!-- This site is optimized with the Yoast SEO plugin v18.9 - https:\/\/yoast.com\/wordpress\/plugins\/seo\/ -->\n<title>Editores &raquo; Portal TDI Brasil +<\/title>\n<meta name=\"robots\" content=\"index, follow, max-snippet:-1, max-image-preview:large, max-video-preview:-1\" \/>\n<link rel=\"canonical\" href=\"https:\/\/tdibrasil.org\/index.php\/editores\/\" \/>\n<meta property=\"og:locale\" content=\"pt_BR\" \/>\n<meta property=\"og:type\" content=\"article\" \/>\n<meta property=\"og:title\" content=\"Editores &raquo; Portal TDI Brasil +\" \/>\n<meta property=\"og:description\" content=\"[Favor n\u00e3o editar] &nbsp; Sum\u00e1rio Texto Imagem Cita\u00e7\u00f5es Refer\u00eancias Estilos e codifica\u00e7\u00f5es Links internos &nbsp; Esta \u00e9 uma p\u00e1gina modelo. Ela pode conter essa linha [...]\" \/>\n<meta property=\"og:url\" content=\"https:\/\/tdibrasil.org\/index.php\/editores\/\" \/>\n<meta property=\"og:site_name\" content=\"Portal TDI Brasil +\" \/>\n<meta property=\"article:publisher\" content=\"https:\/\/www.facebook.com\/TeoriadoDesignInteligente\/\" \/>\n<meta property=\"article:modified_time\" content=\"2021-10-10T06:55:04+00:00\" \/>\n<meta property=\"og:image\" content=\"https:\/\/tdibrasil.org\/wp-content\/uploads\/2020\/01\/obacer-1.jpg\" \/>\n\t<meta property=\"og:image:width\" content=\"660\" \/>\n\t<meta property=\"og:image:height\" content=\"410\" \/>\n\t<meta property=\"og:image:type\" content=\"image\/jpeg\" \/>\n<meta name=\"twitter:card\" content=\"summary_large_image\" \/>\n<meta name=\"twitter:label1\" content=\"Est. tempo de leitura\" \/>\n\t<meta name=\"twitter:data1\" content=\"4 minutos\" \/>\n<script type=\"application\/ld+json\" class=\"yoast-schema-graph\">{\"@context\":\"https:\/\/schema.org\",\"@graph\":[{\"@type\":\"Organization\",\"@id\":\"https:\/\/tdibrasil.org\/#organization\",\"name\":\"TDI Brasil +\",\"url\":\"https:\/\/tdibrasil.org\/\",\"sameAs\":[\"https:\/\/www.facebook.com\/TeoriadoDesignInteligente\/\"],\"logo\":{\"@type\":\"ImageObject\",\"inLanguage\":\"pt-BR\",\"@id\":\"https:\/\/tdibrasil.org\/#\/schema\/logo\/image\/\",\"url\":\"https:\/\/tdibrasil.org\/wp-content\/uploads\/2020\/05\/whats.jpg\",\"contentUrl\":\"https:\/\/tdibrasil.org\/wp-content\/uploads\/2020\/05\/whats.jpg\",\"width\":512,\"height\":512,\"caption\":\"TDI Brasil +\"},\"image\":{\"@id\":\"https:\/\/tdibrasil.org\/#\/schema\/logo\/image\/\"}},{\"@type\":\"WebSite\",\"@id\":\"https:\/\/tdibrasil.org\/#website\",\"url\":\"https:\/\/tdibrasil.org\/\",\"name\":\"Portal TDI Brasil +\",\"description\":\"Teoria do Design Inteligente\",\"publisher\":{\"@id\":\"https:\/\/tdibrasil.org\/#organization\"},\"potentialAction\":[{\"@type\":\"SearchAction\",\"target\":{\"@type\":\"EntryPoint\",\"urlTemplate\":\"https:\/\/tdibrasil.org\/?s={search_term_string}\"},\"query-input\":\"required name=search_term_string\"}],\"inLanguage\":\"pt-BR\"},{\"@type\":\"WebPage\",\"@id\":\"https:\/\/tdibrasil.org\/index.php\/editores\/#webpage\",\"url\":\"https:\/\/tdibrasil.org\/index.php\/editores\/\",\"name\":\"Editores &raquo; Portal TDI Brasil +\",\"isPartOf\":{\"@id\":\"https:\/\/tdibrasil.org\/#website\"},\"datePublished\":\"2018-08-19T21:19:42+00:00\",\"dateModified\":\"2021-10-10T06:55:04+00:00\",\"breadcrumb\":{\"@id\":\"https:\/\/tdibrasil.org\/index.php\/editores\/#breadcrumb\"},\"inLanguage\":\"pt-BR\",\"potentialAction\":[{\"@type\":\"ReadAction\",\"target\":[\"https:\/\/tdibrasil.org\/index.php\/editores\/\"]}]},{\"@type\":\"BreadcrumbList\",\"@id\":\"https:\/\/tdibrasil.org\/index.php\/editores\/#breadcrumb\",\"itemListElement\":[{\"@type\":\"ListItem\",\"position\":1,\"name\":\"In\u00edcio\",\"item\":\"https:\/\/tdibrasil.org\/\"},{\"@type\":\"ListItem\",\"position\":2,\"name\":\"Editores\"}]}]}<\/script>\n<!-- \/ Yoast SEO plugin. -->","yoast_head_json":{"title":"Editores &raquo; Portal TDI Brasil +","robots":{"index":"index","follow":"follow","max-snippet":"max-snippet:-1","max-image-preview":"max-image-preview:large","max-video-preview":"max-video-preview:-1"},"canonical":"https:\/\/tdibrasil.org\/index.php\/editores\/","og_locale":"pt_BR","og_type":"article","og_title":"Editores &raquo; Portal TDI Brasil +","og_description":"[Favor n\u00e3o editar] &nbsp; Sum\u00e1rio Texto Imagem Cita\u00e7\u00f5es Refer\u00eancias Estilos e codifica\u00e7\u00f5es Links internos &nbsp; Esta \u00e9 uma p\u00e1gina modelo. Ela pode conter essa linha [...]","og_url":"https:\/\/tdibrasil.org\/index.php\/editores\/","og_site_name":"Portal TDI Brasil +","article_publisher":"https:\/\/www.facebook.com\/TeoriadoDesignInteligente\/","article_modified_time":"2021-10-10T06:55:04+00:00","og_image":[{"width":660,"height":410,"url":"https:\/\/tdibrasil.org\/wp-content\/uploads\/2020\/01\/obacer-1.jpg","type":"image\/jpeg"}],"twitter_card":"summary_large_image","twitter_misc":{"Est. tempo de leitura":"4 minutos"},"schema":{"@context":"https:\/\/schema.org","@graph":[{"@type":"Organization","@id":"https:\/\/tdibrasil.org\/#organization","name":"TDI Brasil +","url":"https:\/\/tdibrasil.org\/","sameAs":["https:\/\/www.facebook.com\/TeoriadoDesignInteligente\/"],"logo":{"@type":"ImageObject","inLanguage":"pt-BR","@id":"https:\/\/tdibrasil.org\/#\/schema\/logo\/image\/","url":"https:\/\/tdibrasil.org\/wp-content\/uploads\/2020\/05\/whats.jpg","contentUrl":"https:\/\/tdibrasil.org\/wp-content\/uploads\/2020\/05\/whats.jpg","width":512,"height":512,"caption":"TDI Brasil +"},"image":{"@id":"https:\/\/tdibrasil.org\/#\/schema\/logo\/image\/"}},{"@type":"WebSite","@id":"https:\/\/tdibrasil.org\/#website","url":"https:\/\/tdibrasil.org\/","name":"Portal TDI Brasil +","description":"Teoria do Design Inteligente","publisher":{"@id":"https:\/\/tdibrasil.org\/#organization"},"potentialAction":[{"@type":"SearchAction","target":{"@type":"EntryPoint","urlTemplate":"https:\/\/tdibrasil.org\/?s={search_term_string}"},"query-input":"required name=search_term_string"}],"inLanguage":"pt-BR"},{"@type":"WebPage","@id":"https:\/\/tdibrasil.org\/index.php\/editores\/#webpage","url":"https:\/\/tdibrasil.org\/index.php\/editores\/","name":"Editores &raquo; Portal TDI Brasil +","isPartOf":{"@id":"https:\/\/tdibrasil.org\/#website"},"datePublished":"2018-08-19T21:19:42+00:00","dateModified":"2021-10-10T06:55:04+00:00","breadcrumb":{"@id":"https:\/\/tdibrasil.org\/index.php\/editores\/#breadcrumb"},"inLanguage":"pt-BR","potentialAction":[{"@type":"ReadAction","target":["https:\/\/tdibrasil.org\/index.php\/editores\/"]}]},{"@type":"BreadcrumbList","@id":"https:\/\/tdibrasil.org\/index.php\/editores\/#breadcrumb","itemListElement":[{"@type":"ListItem","position":1,"name":"In\u00edcio","item":"https:\/\/tdibrasil.org\/"},{"@type":"ListItem","position":2,"name":"Editores"}]}]}},"_links":{"self":[{"href":"https:\/\/tdibrasil.org\/index.php\/wp-json\/wp\/v2\/pages\/4463"}],"collection":[{"href":"https:\/\/tdibrasil.org\/index.php\/wp-json\/wp\/v2\/pages"}],"about":[{"href":"https:\/\/tdibrasil.org\/index.php\/wp-json\/wp\/v2\/types\/page"}],"author":[{"embeddable":true,"href":"https:\/\/tdibrasil.org\/index.php\/wp-json\/wp\/v2\/users\/1"}],"replies":[{"embeddable":true,"href":"https:\/\/tdibrasil.org\/index.php\/wp-json\/wp\/v2\/comments?post=4463"}],"version-history":[{"count":4,"href":"https:\/\/tdibrasil.org\/index.php\/wp-json\/wp\/v2\/pages\/4463\/revisions"}],"predecessor-version":[{"id":9890,"href":"https:\/\/tdibrasil.org\/index.php\/wp-json\/wp\/v2\/pages\/4463\/revisions\/9890"}],"wp:attachment":[{"href":"https:\/\/tdibrasil.org\/index.php\/wp-json\/wp\/v2\/media?parent=4463"}],"curies":[{"name":"wp","href":"https:\/\/api.w.org\/{rel}","templated":true}]}}