{"id":2308,"date":"2017-01-23T22:08:24","date_gmt":"2017-01-24T00:08:24","guid":{"rendered":"http:\/\/tdibrasil.org\/?page_id=2308"},"modified":"2021-10-10T03:47:42","modified_gmt":"2021-10-10T06:47:42","slug":"tdi-plus","status":"publish","type":"page","link":"https:\/\/tdibrasil.org\/index.php\/tdi-plus\/","title":{"rendered":"TDI Plus"},"content":{"rendered":"<p><img loading=\"lazy\" decoding=\"async\" class=\"aligncenter\" src=\"https:\/\/tdibrasil.org\/wp-content\/uploads\/2016\/11\/clock.jpg\" alt=\"\" width=\"225\" height=\"225\" \/><\/p>\n<p style=\"text-align: justify;\">Ol\u00e1 a todos! Sejam bem-vindos ao portal do movimento do Design Inteligente no Brasil.\u00a0Esperamos que este espa\u00e7o seja \u00fatil de alguma forma para a difus\u00e3o da nossa filosofia no Brasil e pa\u00edses de l\u00edngua portuguesa. Desde j\u00e1 somos gratos\u00a0a todos que colaboram e aos que interagem conosco.<\/p>\n<p style=\"text-align: justify;\">A partir de Novembro de 2016 o Portal TDI passou a se chamar Portal TDI Plus (TDI Brasil +) por raz\u00e3o do <a href=\"https:\/\/tdibrasil.org\/index.php\/2017\/02\/14\/portal-tdi-brasil\/\" rel=\"noopener noreferrer\" target=\"_blank\">lan\u00e7amento de um portal oficial da SBDI<\/a> com o mesmo nome: <a href=\"https:\/\/tdibrasil.com\/\" target=\"_blank\" rel=\"noopener noreferrer\">tdibrasil.com<\/a>.<\/p>\n<p style=\"text-align: justify;\">Tamb\u00e9m \u00e9 poss\u00edvel se cadastrar neste portal e colaborar futuramente com nossas publica\u00e7\u00f5es.<\/p>\n<p style=\"text-align: justify;\">Contamos tamb\u00e9m com publica\u00e7\u00f5es e p\u00e1ginas relacionadas ao assunto, entre elas:<\/p>\n<ul>\n<li><a href=\"https:\/\/www.facebook.com\/TeoriadoDesignInteligente\/?ref=bookmarks\" target=\"_blank\" rel=\"noopener noreferrer\">Teoria do Design Inteligente(FanPage no Facebook)<\/a><\/li>\n<li><a href=\"https:\/\/www.tdibrasil.com\/index.php\" target=\"_blank\" rel=\"noopener noreferrer\">Site Oficial da SBDI<\/a><\/li>\n<\/ul>\n<p>&#8230;<\/p>\n<p><strong>Equipe TDI Brasil Plus<\/strong><\/p>\n<p>&nbsp;<\/p>\n","protected":false},"excerpt":{"rendered":"<div class=\"mh-excerpt\"><p>Ol\u00e1 a todos! Sejam bem-vindos ao portal do movimento do Design Inteligente no Brasil.\u00a0Esperamos que este espa\u00e7o seja \u00fatil de alguma forma para a difus\u00e3o <a class=\"mh-excerpt-more\" href=\"https:\/\/tdibrasil.org\/index.php\/tdi-plus\/\" title=\"TDI Plus\">[&#8230;]<\/a><\/p>\n<\/div>","protected":false},"author":1,"featured_media":2281,"parent":0,"menu_order":0,"comment_status":"closed","ping_status":"closed","template":"","meta":{"footnotes":""},"class_list":["post-2308","page","type-page","status-publish","has-post-thumbnail","hentry"],"yoast_head":"<!-- This site is optimized with the Yoast SEO plugin v18.9 - https:\/\/yoast.com\/wordpress\/plugins\/seo\/ -->\n<title>TDI Plus &raquo; Portal TDI Brasil +<\/title>\n<meta name=\"robots\" content=\"index, follow, max-snippet:-1, max-image-preview:large, max-video-preview:-1\" \/>\n<link rel=\"canonical\" href=\"https:\/\/tdibrasil.org\/index.php\/tdi-plus\/\" \/>\n<meta property=\"og:locale\" content=\"pt_BR\" \/>\n<meta property=\"og:type\" content=\"article\" \/>\n<meta property=\"og:title\" content=\"TDI Plus &raquo; Portal TDI Brasil +\" \/>\n<meta property=\"og:description\" content=\"Ol\u00e1 a todos! Sejam bem-vindos ao portal do movimento do Design Inteligente no Brasil.\u00a0Esperamos que este espa\u00e7o seja \u00fatil de alguma forma para a difus\u00e3o [...]\" \/>\n<meta property=\"og:url\" content=\"https:\/\/tdibrasil.org\/index.php\/tdi-plus\/\" \/>\n<meta property=\"og:site_name\" content=\"Portal TDI Brasil +\" \/>\n<meta property=\"article:publisher\" content=\"https:\/\/www.facebook.com\/TeoriadoDesignInteligente\/\" \/>\n<meta property=\"article:modified_time\" content=\"2021-10-10T06:47:42+00:00\" \/>\n<meta property=\"og:image\" content=\"https:\/\/tdibrasil.org\/wp-content\/uploads\/2016\/11\/clock-1.jpg\" \/>\n\t<meta property=\"og:image:width\" content=\"225\" \/>\n\t<meta property=\"og:image:height\" content=\"225\" \/>\n\t<meta property=\"og:image:type\" content=\"image\/jpeg\" \/>\n<meta name=\"twitter:card\" content=\"summary_large_image\" \/>\n<meta name=\"twitter:label1\" content=\"Est. tempo de leitura\" \/>\n\t<meta name=\"twitter:data1\" content=\"1 minuto\" \/>\n<script type=\"application\/ld+json\" class=\"yoast-schema-graph\">{\"@context\":\"https:\/\/schema.org\",\"@graph\":[{\"@type\":\"Organization\",\"@id\":\"https:\/\/tdibrasil.org\/#organization\",\"name\":\"TDI Brasil +\",\"url\":\"https:\/\/tdibrasil.org\/\",\"sameAs\":[\"https:\/\/www.facebook.com\/TeoriadoDesignInteligente\/\"],\"logo\":{\"@type\":\"ImageObject\",\"inLanguage\":\"pt-BR\",\"@id\":\"https:\/\/tdibrasil.org\/#\/schema\/logo\/image\/\",\"url\":\"https:\/\/tdibrasil.org\/wp-content\/uploads\/2020\/05\/whats.jpg\",\"contentUrl\":\"https:\/\/tdibrasil.org\/wp-content\/uploads\/2020\/05\/whats.jpg\",\"width\":512,\"height\":512,\"caption\":\"TDI Brasil +\"},\"image\":{\"@id\":\"https:\/\/tdibrasil.org\/#\/schema\/logo\/image\/\"}},{\"@type\":\"WebSite\",\"@id\":\"https:\/\/tdibrasil.org\/#website\",\"url\":\"https:\/\/tdibrasil.org\/\",\"name\":\"Portal TDI Brasil +\",\"description\":\"Teoria do Design Inteligente\",\"publisher\":{\"@id\":\"https:\/\/tdibrasil.org\/#organization\"},\"potentialAction\":[{\"@type\":\"SearchAction\",\"target\":{\"@type\":\"EntryPoint\",\"urlTemplate\":\"https:\/\/tdibrasil.org\/?s={search_term_string}\"},\"query-input\":\"required name=search_term_string\"}],\"inLanguage\":\"pt-BR\"},{\"@type\":\"ImageObject\",\"inLanguage\":\"pt-BR\",\"@id\":\"https:\/\/tdibrasil.org\/index.php\/tdi-plus\/#primaryimage\",\"url\":\"https:\/\/tdibrasil.org\/wp-content\/uploads\/2016\/11\/clock-1.jpg\",\"contentUrl\":\"https:\/\/tdibrasil.org\/wp-content\/uploads\/2016\/11\/clock-1.jpg\",\"width\":225,\"height\":225,\"caption\":\"As chaves\"},{\"@type\":\"WebPage\",\"@id\":\"https:\/\/tdibrasil.org\/index.php\/tdi-plus\/#webpage\",\"url\":\"https:\/\/tdibrasil.org\/index.php\/tdi-plus\/\",\"name\":\"TDI Plus &raquo; Portal TDI Brasil +\",\"isPartOf\":{\"@id\":\"https:\/\/tdibrasil.org\/#website\"},\"primaryImageOfPage\":{\"@id\":\"https:\/\/tdibrasil.org\/index.php\/tdi-plus\/#primaryimage\"},\"datePublished\":\"2017-01-24T00:08:24+00:00\",\"dateModified\":\"2021-10-10T06:47:42+00:00\",\"breadcrumb\":{\"@id\":\"https:\/\/tdibrasil.org\/index.php\/tdi-plus\/#breadcrumb\"},\"inLanguage\":\"pt-BR\",\"potentialAction\":[{\"@type\":\"ReadAction\",\"target\":[\"https:\/\/tdibrasil.org\/index.php\/tdi-plus\/\"]}]},{\"@type\":\"BreadcrumbList\",\"@id\":\"https:\/\/tdibrasil.org\/index.php\/tdi-plus\/#breadcrumb\",\"itemListElement\":[{\"@type\":\"ListItem\",\"position\":1,\"name\":\"In\u00edcio\",\"item\":\"https:\/\/tdibrasil.org\/\"},{\"@type\":\"ListItem\",\"position\":2,\"name\":\"TDI Plus\"}]}]}<\/script>\n<!-- \/ Yoast SEO plugin. -->","yoast_head_json":{"title":"TDI Plus &raquo; Portal TDI Brasil +","robots":{"index":"index","follow":"follow","max-snippet":"max-snippet:-1","max-image-preview":"max-image-preview:large","max-video-preview":"max-video-preview:-1"},"canonical":"https:\/\/tdibrasil.org\/index.php\/tdi-plus\/","og_locale":"pt_BR","og_type":"article","og_title":"TDI Plus &raquo; Portal TDI Brasil +","og_description":"Ol\u00e1 a todos! Sejam bem-vindos ao portal do movimento do Design Inteligente no Brasil.\u00a0Esperamos que este espa\u00e7o seja \u00fatil de alguma forma para a difus\u00e3o [...]","og_url":"https:\/\/tdibrasil.org\/index.php\/tdi-plus\/","og_site_name":"Portal TDI Brasil +","article_publisher":"https:\/\/www.facebook.com\/TeoriadoDesignInteligente\/","article_modified_time":"2021-10-10T06:47:42+00:00","og_image":[{"width":225,"height":225,"url":"https:\/\/tdibrasil.org\/wp-content\/uploads\/2016\/11\/clock-1.jpg","type":"image\/jpeg"}],"twitter_card":"summary_large_image","twitter_misc":{"Est. tempo de leitura":"1 minuto"},"schema":{"@context":"https:\/\/schema.org","@graph":[{"@type":"Organization","@id":"https:\/\/tdibrasil.org\/#organization","name":"TDI Brasil +","url":"https:\/\/tdibrasil.org\/","sameAs":["https:\/\/www.facebook.com\/TeoriadoDesignInteligente\/"],"logo":{"@type":"ImageObject","inLanguage":"pt-BR","@id":"https:\/\/tdibrasil.org\/#\/schema\/logo\/image\/","url":"https:\/\/tdibrasil.org\/wp-content\/uploads\/2020\/05\/whats.jpg","contentUrl":"https:\/\/tdibrasil.org\/wp-content\/uploads\/2020\/05\/whats.jpg","width":512,"height":512,"caption":"TDI Brasil +"},"image":{"@id":"https:\/\/tdibrasil.org\/#\/schema\/logo\/image\/"}},{"@type":"WebSite","@id":"https:\/\/tdibrasil.org\/#website","url":"https:\/\/tdibrasil.org\/","name":"Portal TDI Brasil +","description":"Teoria do Design Inteligente","publisher":{"@id":"https:\/\/tdibrasil.org\/#organization"},"potentialAction":[{"@type":"SearchAction","target":{"@type":"EntryPoint","urlTemplate":"https:\/\/tdibrasil.org\/?s={search_term_string}"},"query-input":"required name=search_term_string"}],"inLanguage":"pt-BR"},{"@type":"ImageObject","inLanguage":"pt-BR","@id":"https:\/\/tdibrasil.org\/index.php\/tdi-plus\/#primaryimage","url":"https:\/\/tdibrasil.org\/wp-content\/uploads\/2016\/11\/clock-1.jpg","contentUrl":"https:\/\/tdibrasil.org\/wp-content\/uploads\/2016\/11\/clock-1.jpg","width":225,"height":225,"caption":"As chaves"},{"@type":"WebPage","@id":"https:\/\/tdibrasil.org\/index.php\/tdi-plus\/#webpage","url":"https:\/\/tdibrasil.org\/index.php\/tdi-plus\/","name":"TDI Plus &raquo; Portal TDI Brasil +","isPartOf":{"@id":"https:\/\/tdibrasil.org\/#website"},"primaryImageOfPage":{"@id":"https:\/\/tdibrasil.org\/index.php\/tdi-plus\/#primaryimage"},"datePublished":"2017-01-24T00:08:24+00:00","dateModified":"2021-10-10T06:47:42+00:00","breadcrumb":{"@id":"https:\/\/tdibrasil.org\/index.php\/tdi-plus\/#breadcrumb"},"inLanguage":"pt-BR","potentialAction":[{"@type":"ReadAction","target":["https:\/\/tdibrasil.org\/index.php\/tdi-plus\/"]}]},{"@type":"BreadcrumbList","@id":"https:\/\/tdibrasil.org\/index.php\/tdi-plus\/#breadcrumb","itemListElement":[{"@type":"ListItem","position":1,"name":"In\u00edcio","item":"https:\/\/tdibrasil.org\/"},{"@type":"ListItem","position":2,"name":"TDI Plus"}]}]}},"_links":{"self":[{"href":"https:\/\/tdibrasil.org\/index.php\/wp-json\/wp\/v2\/pages\/2308"}],"collection":[{"href":"https:\/\/tdibrasil.org\/index.php\/wp-json\/wp\/v2\/pages"}],"about":[{"href":"https:\/\/tdibrasil.org\/index.php\/wp-json\/wp\/v2\/types\/page"}],"author":[{"embeddable":true,"href":"https:\/\/tdibrasil.org\/index.php\/wp-json\/wp\/v2\/users\/1"}],"replies":[{"embeddable":true,"href":"https:\/\/tdibrasil.org\/index.php\/wp-json\/wp\/v2\/comments?post=2308"}],"version-history":[{"count":2,"href":"https:\/\/tdibrasil.org\/index.php\/wp-json\/wp\/v2\/pages\/2308\/revisions"}],"predecessor-version":[{"id":9274,"href":"https:\/\/tdibrasil.org\/index.php\/wp-json\/wp\/v2\/pages\/2308\/revisions\/9274"}],"wp:featuredmedia":[{"embeddable":true,"href":"https:\/\/tdibrasil.org\/index.php\/wp-json\/wp\/v2\/media\/2281"}],"wp:attachment":[{"href":"https:\/\/tdibrasil.org\/index.php\/wp-json\/wp\/v2\/media?parent=2308"}],"curies":[{"name":"wp","href":"https:\/\/api.w.org\/{rel}","templated":true}]}}